{"id":148,"date":"2022-09-21T21:20:23","date_gmt":"2022-09-21T19:20:23","guid":{"rendered":"https:\/\/gerberei-oettrich.de\/gerberei\/?page_id=148"},"modified":"2022-09-21T23:45:30","modified_gmt":"2022-09-21T21:45:30","slug":"lageplan","status":"publish","type":"page","link":"https:\/\/gerberei-oettrich.de\/gerberei\/index.php\/lageplan\/","title":{"rendered":"Lageplan"},"content":{"rendered":"\n<p><strong>Anfahrt aus Richtung Norden &#8211; A13 Ausfahrt Duben\/ B 96\/ Luckau\/ Sonnewalde<\/strong><br>Hinter den Marktplatz Sonnewalde an der Kirche links der Hauptstra\u00dfe folgen und nach ca. 200 m in Richtung Doberlug-Kirchhain abbiegen. Von Frankena in den Ortsteil Kirchhain hineinfahren, die Luckauer Stra\u00dfe bis zu deren Ende in den Kreisverkehr einfahren. Die zweite Ausfahrt im Kreisverkehr nach rechts nehmen und in den Hennersdorfer Damm einfahren. Nach ca. 150 m fahren Sie in der S-Kurve auf ein zweist\u00f6ckiges Haus zu, dies ist die Gerberei. Der Parkplatz befindet sich nach ca. 30 m auf der rechten Seite.<\/p>\n\n\n\n<p><strong>Anfahrt aus Richtung Osten &#8211; Senftenberg\/ B 96\/ A13 Ausfahrt Gro\u00dfr\u00e4schen\/ Finsterwalde<\/strong><br>Durch Finsterwalde dem Verlauf der B 96 in Richtung Sonnewalde\/ Luckau folgen. Nach der Bahnunterf\u00fchrung an der n\u00e4chsten Ampel links in Richtung Herzberg\/ Doberlug-Kirchhain abbiegen. Auf dieser Stra\u00dfe durch Hennersdorf bis zum Ortseingang von Doberlug-Kirchhain fahren und ca. 200 m weiter an der Aral-Tankstelle rechts abbiegen. Auf der Finsterwalder Stra\u00dfe den \u201eBerg\u201c hinunterfahren und an der Einm\u00fcndung nach rechts in Richtung Luckau abbiegen. Dem Stra\u00dfenverlauf (Karl-Liebknecht-, Walter-Rathenau-Stra\u00dfe, Am Hagwall) folgen und am Kreisverkehr die dritte Ausfahrt nach rechts in Richtung Herzberg einfahren. Nach ca. 150 m fahren Sie in der S-Kurve auf ein zweist\u00f6ckiges Haus zu, dies ist die Gerberei.Der Parkplatz befindet sich nach ca. 30 m auf der rechten Seite.<\/p>\n\n\n\n<p><strong>Anfahrt aus Richtung Westen &#8211; B 101\/ Herzberg sowie Falkenberg\/ Uebigau nach Langennaundorf<\/strong><br>In Langennaundorf in Richtung Doberlug-Kirchhain abbiegen und \u00fcber Nexdorf\/ Buchhain\/ Prie\u00dfen\/ D\u00fcbrichen und Werenzhain in den Ortsteil Kirchhain hineinfahren. An der ersten Kreuzung in Richtung Luckau nach links abbiegen, \u00fcber die Elster-Br\u00fccke fahren und unmittelbar dahinter ist der Parkplatz auf der linken Seite. Von dort noch ca. 30 m zu Fu\u00df zum zweist\u00f6ckigen Haus gehen, dort befindet sich die Gerberei.<\/p>\n\n\n\n<p><strong>Anfahrt aus Richtung S\u00fcden &#8211; B101\/ Gro\u00dfenhain\/ Elsterwerda\/ Bad Liebenwerda<\/strong><br>\u00dcber Maasdorf\/ Rothstein\/ Domsdorf\/ Tr\u00f6bitz und Sch\u00f6nborn in den Ortsteil Doberlug am Schlo\u00df vorbeifahren und der Stra\u00dfe bis zur Einm\u00fcndung am Lidl\/ Bahnhof folgen. Dort in Richtung Luckau nach links abbiegen und weiter der Stra\u00dfe folgen. An den M\u00e4rkten Netto\/ BayWa\/ Penny vorbei auf der gleichen Stra\u00dfe bis zum Kreisverkehr bleiben. Dort im Kreisverkehr in die dritte Ausfahrt nach rechts in Richtung Herzberg in den Hennersdorfer Damm einfahren. Nach ca. 150 m fahren Sie in der S-Kurve auf ein zweist\u00f6ckiges Haus zu, dies ist die Gerberei. Der Parkplatz befindet sich nach ca. 30 m auf der rechten Seite.<\/p>\n","protected":false},"excerpt":{"rendered":"<p>Anfahrt aus Richtung Norden &#8211; A13 Ausfahrt Duben\/ B 96\/ Luckau\/ SonnewaldeHinter den Marktplatz Sonnewalde an der Kirche links der Hauptstra\u00dfe folgen und nach ca. 200 m in Richtung Doberlug-Kirchhain abbiegen. Von Frankena in den Ortsteil Kirchhain hineinfahren, die Luckauer Stra\u00dfe bis zu deren Ende in den Kreisverkehr einfahren. Die zweite Ausfahrt im Kreisverkehr nach [&hellip;]<\/p>\n","protected":false},"author":1,"featured_media":0,"parent":0,"menu_order":0,"comment_status":"closed","ping_status":"closed","template":"","meta":{"footnotes":""},"class_list":["post-148","page","type-page","status-publish","hentry"],"jetpack_sharing_enabled":true,"_links":{"self":[{"href":"https:\/\/gerberei-oettrich.de\/gerberei\/index.php\/wp-json\/wp\/v2\/pages\/148","targetHints":{"allow":["GET"]}}],"collection":[{"href":"https:\/\/gerberei-oettrich.de\/gerberei\/index.php\/wp-json\/wp\/v2\/pages"}],"about":[{"href":"https:\/\/gerberei-oettrich.de\/gerberei\/index.php\/wp-json\/wp\/v2\/types\/page"}],"author":[{"embeddable":true,"href":"https:\/\/gerberei-oettrich.de\/gerberei\/index.php\/wp-json\/wp\/v2\/users\/1"}],"replies":[{"embeddable":true,"href":"https:\/\/gerberei-oettrich.de\/gerberei\/index.php\/wp-json\/wp\/v2\/comments?post=148"}],"version-history":[{"count":4,"href":"https:\/\/gerberei-oettrich.de\/gerberei\/index.php\/wp-json\/wp\/v2\/pages\/148\/revisions"}],"predecessor-version":[{"id":258,"href":"https:\/\/gerberei-oettrich.de\/gerberei\/index.php\/wp-json\/wp\/v2\/pages\/148\/revisions\/258"}],"wp:attachment":[{"href":"https:\/\/gerberei-oettrich.de\/gerberei\/index.php\/wp-json\/wp\/v2\/media?parent=148"}],"curies":[{"name":"wp","href":"https:\/\/api.w.org\/{rel}","templated":true}]}}