{"id":162,"date":"2022-09-21T21:42:49","date_gmt":"2022-09-21T19:42:49","guid":{"rendered":"https:\/\/gerberei-oettrich.de\/gerberei\/?page_id=162"},"modified":"2024-01-29T20:42:55","modified_gmt":"2024-01-29T19:42:55","slug":"die-rohhaut-bzw-der-pelz","status":"publish","type":"page","link":"https:\/\/gerberei-oettrich.de\/gerberei\/index.php\/die-rohhaut-bzw-der-pelz\/","title":{"rendered":"Die Rohhaut bzw. der Pelz"},"content":{"rendered":"\n<p>Die Rohhaut bzw. der Pelz ist der \u00e4u\u00dfere Teil eines Tieres. Sie wird nach der Tod des Tieres bei Bedarf abgezogen. Dazu mu\u00df das Fell\/ die Haut sauber und m\u00f6glichst ohne viel Fett oder Fleisch vom Tierk\u00f6rper abgetrennt werden. Dabei ist folgendes zu beachten: Beim Abtrennen mit einem Messer darf die Haut nicht eingeschnitten werden. Mit dem Tod des Tieres beginnt der F\u00e4ulnisproze\u00df und dieser mu\u00df durch Konservierung gestoppt werden. Dazu gibt es verschiedene Methoden, drei davon werde ich kurz beschreiben: <\/p>\n\n\n\n<p><strong>I. Salzen<\/strong><br>Die verbreitetste Konservierungsmethode ist das Salzen. Dazu wird die Haut bzw. das Fell in einem k\u00fchlen Raum glatt auf den Boden gelegt und kr\u00e4ftig mit Steinsalz auf der gesamten Fleischseite bestreut. Durch das Steinsalz wird der Haut Wasser und damit den F\u00e4ulnisbakterien die Existenzgrundlage entzogen. Das austretende Wasser mu\u00df die M\u00f6glichkeit haben, von der Haut abzulaufen. Ist dies abgeschlossen, wird das verbliebene, feuchte Salz von der Haut leicht abgesch\u00fcttelt und neues, trocknes Salz auf die Haut gestreut. Danach kann die Haut einige Zeit in einem k\u00fchlen, trockenen und lichtgesch\u00fctzten Raum gelagert werden. <\/p>\n\n\n\n<p><strong>II. Einfrieren<\/strong><br>Eine weitere Methode ist das Einfrieren. Das sauber abgezogene Fell mu\u00df unmittelbar danach flach in die Tiefk\u00fchltruhe gelegt werden. <\/p>\n\n\n\n<p><strong>III. Trocknen<\/strong><br>Die letzte Methode, die ich beschreibe, ist das Trocknen. Dies kann nur mit kleineren H\u00e4uten\/ Fellen wie z.B. Kaninchen, u. a. durchgef\u00fchrt werden. Dazu wird das Fell bzw. der Balg auf einen Rahmen gespannt und trocknet so an einem luftigen, k\u00fchlen und lichtgesch\u00fctzten Raum. Noch einen Punkt zur Erl\u00e4uterung: In obigen Text ist mal von Haut, Fell oder Balg die Rede. Es ist immer dasselbe gemeint und unterscheidet sich nur durch die Gr\u00f6\u00dfe. Bei Tieren wie Rindern oder Schweinen wird von der Haut gesprochen, bei Schafen, Ziegen und \u00e4hnlichen Tieren wird vom Fell gesprochen. Mit Balg ist das Fell bei kleinen Tieren nach dem Abziehen vom Tierk\u00f6rper gemeint. <\/p>\n\n\n\n<p><strong><a rel=\"noreferrer noopener\" href=\"https:\/\/gerberei-oettrich.de\/gerberei\/wp-content\/uploads\/2024\/01\/Anleitung-zum-Konservieren-der-Felle-und-Haeute.pdf\" target=\"_blank\">Anleitung zum Konservieren<\/a><\/strong> (pdf, 86 KB)<\/p>\n","protected":false},"excerpt":{"rendered":"<p>Die Rohhaut bzw. der Pelz ist der \u00e4u\u00dfere Teil eines Tieres. Sie wird nach der Tod des Tieres bei Bedarf abgezogen. Dazu mu\u00df das Fell\/ die Haut sauber und m\u00f6glichst ohne viel Fett oder Fleisch vom Tierk\u00f6rper abgetrennt werden. Dabei ist folgendes zu beachten: Beim Abtrennen mit einem Messer darf die Haut nicht eingeschnitten werden. [&hellip;]<\/p>\n","protected":false},"author":1,"featured_media":134,"parent":0,"menu_order":0,"comment_status":"closed","ping_status":"closed","template":"","meta":{"footnotes":""},"class_list":["post-162","page","type-page","status-publish","has-post-thumbnail","hentry"],"jetpack_sharing_enabled":true,"_links":{"self":[{"href":"https:\/\/gerberei-oettrich.de\/gerberei\/index.php\/wp-json\/wp\/v2\/pages\/162","targetHints":{"allow":["GET"]}}],"collection":[{"href":"https:\/\/gerberei-oettrich.de\/gerberei\/index.php\/wp-json\/wp\/v2\/pages"}],"about":[{"href":"https:\/\/gerberei-oettrich.de\/gerberei\/index.php\/wp-json\/wp\/v2\/types\/page"}],"author":[{"embeddable":true,"href":"https:\/\/gerberei-oettrich.de\/gerberei\/index.php\/wp-json\/wp\/v2\/users\/1"}],"replies":[{"embeddable":true,"href":"https:\/\/gerberei-oettrich.de\/gerberei\/index.php\/wp-json\/wp\/v2\/comments?post=162"}],"version-history":[{"count":4,"href":"https:\/\/gerberei-oettrich.de\/gerberei\/index.php\/wp-json\/wp\/v2\/pages\/162\/revisions"}],"predecessor-version":[{"id":379,"href":"https:\/\/gerberei-oettrich.de\/gerberei\/index.php\/wp-json\/wp\/v2\/pages\/162\/revisions\/379"}],"wp:featuredmedia":[{"embeddable":true,"href":"https:\/\/gerberei-oettrich.de\/gerberei\/index.php\/wp-json\/wp\/v2\/media\/134"}],"wp:attachment":[{"href":"https:\/\/gerberei-oettrich.de\/gerberei\/index.php\/wp-json\/wp\/v2\/media?parent=162"}],"curies":[{"name":"wp","href":"https:\/\/api.w.org\/{rel}","templated":true}]}}