{"id":168,"date":"2022-09-21T21:53:53","date_gmt":"2022-09-21T19:53:53","guid":{"rendered":"https:\/\/gerberei-oettrich.de\/gerberei\/?page_id=168"},"modified":"2022-09-22T10:02:55","modified_gmt":"2022-09-22T08:02:55","slug":"vorstellung","status":"publish","type":"page","link":"https:\/\/gerberei-oettrich.de\/gerberei\/","title":{"rendered":"Vorstellung"},"content":{"rendered":"\n<div class=\"wp-block-media-text alignwide is-stacked-on-mobile is-vertically-aligned-top\" style=\"grid-template-columns:26% auto\"><figure class=\"wp-block-media-text__media\"><img loading=\"lazy\" decoding=\"async\" width=\"300\" height=\"225\" src=\"https:\/\/gerberei-oettrich.de\/gerberei\/wp-content\/uploads\/2022\/09\/gerberei.jpg\" alt=\"\" class=\"wp-image-171 size-full\"\/><\/figure><div class=\"wp-block-media-text__content\">\n<p>Seit dem 01.09.2006 gibt es sie wieder <\/p>\n\n\n\n<p><strong>Die Gerberei Oettrich <\/strong><\/p>\n\n\n\n<p>Deshalb hei\u00dfe ich Sie willkommen auf der Internetseite der Gerberei Manfred Oettrich Auf diesen Seiten m\u00f6chte ich Ihnen vorstellen:<\/p>\n\n\n\n<ul class=\"wp-block-list\"><li>Was ein Gerber macht?<\/li><li>Warum es Gerber gibt?<\/li><li>Wieso Gerber so selten sind?<\/li><\/ul>\n\n\n\n<p>Viel Spa\u00df beim St\u00f6bern und falls Fragen auftauchen, senden Sie eine <a href=\"mailto:info@gerberei-oettrich.de\">eMail<\/a> an mich.<\/p>\n<\/div><\/div>\n\n\n\n<div class=\"wp-block-media-text alignwide is-stacked-on-mobile is-vertically-aligned-top\" style=\"grid-template-columns:26% auto\"><figure class=\"wp-block-media-text__media\"><img loading=\"lazy\" decoding=\"async\" width=\"232\" height=\"350\" src=\"https:\/\/gerberei-oettrich.de\/gerberei\/wp-content\/uploads\/2022\/09\/gerber-raeuchermaennchen.jpg\" alt=\"\" class=\"wp-image-174 size-full\" srcset=\"https:\/\/gerberei-oettrich.de\/gerberei\/wp-content\/uploads\/2022\/09\/gerber-raeuchermaennchen.jpg 232w, https:\/\/gerberei-oettrich.de\/gerberei\/wp-content\/uploads\/2022\/09\/gerber-raeuchermaennchen-199x300.jpg 199w\" sizes=\"auto, (max-width: 232px) 100vw, 232px\" \/><\/figure><div class=\"wp-block-media-text__content\">\n<p>Es gibt ihn endlich: den <strong>Gerber als R\u00e4ucherm\u00e4nnchen<\/strong>. Ganz neu haben wir f\u00fcr Sie ein echtes Liebhaberst\u00fcck im Angebot.<br>F\u00fcr 35 \u20ac (inkl. MwSt.) k\u00f6nnen Sie den Gerber bei sich zu Hause r\u00e4uchern lassen.<br>Nehmen Sie gern mit uns <a href=\"https:\/\/gerberei-oettrich.de\/gerberei\/index.php\/kontakt\/\">Kontakt<\/a> auf.<\/p>\n<\/div><\/div>\n","protected":false},"excerpt":{"rendered":"<p>Seit dem 01.09.2006 gibt es sie wieder Die Gerberei Oettrich Deshalb hei\u00dfe ich Sie willkommen auf der Internetseite der Gerberei Manfred Oettrich Auf diesen Seiten m\u00f6chte ich Ihnen vorstellen: Was ein Gerber macht? Warum es Gerber gibt? Wieso Gerber so selten sind? Viel Spa\u00df beim St\u00f6bern und falls Fragen auftauchen, senden Sie eine eMail an [&hellip;]<\/p>\n","protected":false},"author":1,"featured_media":0,"parent":0,"menu_order":0,"comment_status":"closed","ping_status":"closed","template":"","meta":{"footnotes":""},"class_list":["post-168","page","type-page","status-publish","hentry"],"jetpack_sharing_enabled":true,"_links":{"self":[{"href":"https:\/\/gerberei-oettrich.de\/gerberei\/index.php\/wp-json\/wp\/v2\/pages\/168","targetHints":{"allow":["GET"]}}],"collection":[{"href":"https:\/\/gerberei-oettrich.de\/gerberei\/index.php\/wp-json\/wp\/v2\/pages"}],"about":[{"href":"https:\/\/gerberei-oettrich.de\/gerberei\/index.php\/wp-json\/wp\/v2\/types\/page"}],"author":[{"embeddable":true,"href":"https:\/\/gerberei-oettrich.de\/gerberei\/index.php\/wp-json\/wp\/v2\/users\/1"}],"replies":[{"embeddable":true,"href":"https:\/\/gerberei-oettrich.de\/gerberei\/index.php\/wp-json\/wp\/v2\/comments?post=168"}],"version-history":[{"count":6,"href":"https:\/\/gerberei-oettrich.de\/gerberei\/index.php\/wp-json\/wp\/v2\/pages\/168\/revisions"}],"predecessor-version":[{"id":284,"href":"https:\/\/gerberei-oettrich.de\/gerberei\/index.php\/wp-json\/wp\/v2\/pages\/168\/revisions\/284"}],"wp:attachment":[{"href":"https:\/\/gerberei-oettrich.de\/gerberei\/index.php\/wp-json\/wp\/v2\/media?parent=168"}],"curies":[{"name":"wp","href":"https:\/\/api.w.org\/{rel}","templated":true}]}}