{"id":177,"date":"2022-09-21T22:02:38","date_gmt":"2022-09-21T20:02:38","guid":{"rendered":"https:\/\/gerberei-oettrich.de\/gerberei\/?page_id=177"},"modified":"2022-09-21T22:02:38","modified_gmt":"2022-09-21T20:02:38","slug":"wasserwerkstatt","status":"publish","type":"page","link":"https:\/\/gerberei-oettrich.de\/gerberei\/index.php\/wasserwerkstatt\/","title":{"rendered":"Wasserwerkstatt"},"content":{"rendered":"\n<p>Damit die nachfolgenden Schritte durchlaufen werden k\u00f6nnen, mu\u00df die Haut in den Zustand gebracht werden, wie sie sich als \u00e4u\u00dfere H\u00fclle am Tier befand. Durch die Weiche nimmt die Haut Wasser auf, anhaftendes, getrocknetes Blut und Reste von Steinsalz als Konservierungsmittel werden von der Haut entfernt. Nach der Weiche wird mittels Messer Reste von Fleisch, Fett und Bindegewebe von der Haut entfernt.<\/p>\n\n\n\n<p>Soll aus der Haut Leder f\u00fcr Schuhe, M\u00f6bel, Autositze usw., also ohne Haare, hergestellt werden, mu\u00df hier noch ein Arbeitsschritt noch eingef\u00fcgt werden \u2013 der \u00c4scher. Im \u00c4scher werden die Haare und die Oberhaut entfernt. Beim \u00c4scher wird haarerhaltend oder haarzerst\u00f6rend gearbeitet. Der haarerhaltende \u00c4scher kann bei Schaffellen zum Beispiel mit Kalk durchgef\u00fchrt werden. Dabei werden, wie der Name es sagt, die Haare erhalten. Mit stumpfen Messer werden die Haare nach dem \u00c4scher aus der Haut herausgezogen und k\u00f6nnen nach einer Reinigung als Wolle weiterverarbeitet werden. Da der \u00c4scher die Haut \u201edicker\u201c macht (zum Schwellen bringt), wird im folgenden Arbeitsschritt, der Beize, die geschwollene Haut wieder \u201ed\u00fcnner\u201c gemacht.<\/p>\n","protected":false},"excerpt":{"rendered":"<p>Damit die nachfolgenden Schritte durchlaufen werden k\u00f6nnen, mu\u00df die Haut in den Zustand gebracht werden, wie sie sich als \u00e4u\u00dfere H\u00fclle am Tier befand. Durch die Weiche nimmt die Haut Wasser auf, anhaftendes, getrocknetes Blut und Reste von Steinsalz als Konservierungsmittel werden von der Haut entfernt. Nach der Weiche wird mittels Messer Reste von Fleisch, [&hellip;]<\/p>\n","protected":false},"author":1,"featured_media":0,"parent":0,"menu_order":0,"comment_status":"closed","ping_status":"closed","template":"","meta":{"footnotes":""},"class_list":["post-177","page","type-page","status-publish","hentry"],"jetpack_sharing_enabled":true,"_links":{"self":[{"href":"https:\/\/gerberei-oettrich.de\/gerberei\/index.php\/wp-json\/wp\/v2\/pages\/177","targetHints":{"allow":["GET"]}}],"collection":[{"href":"https:\/\/gerberei-oettrich.de\/gerberei\/index.php\/wp-json\/wp\/v2\/pages"}],"about":[{"href":"https:\/\/gerberei-oettrich.de\/gerberei\/index.php\/wp-json\/wp\/v2\/types\/page"}],"author":[{"embeddable":true,"href":"https:\/\/gerberei-oettrich.de\/gerberei\/index.php\/wp-json\/wp\/v2\/users\/1"}],"replies":[{"embeddable":true,"href":"https:\/\/gerberei-oettrich.de\/gerberei\/index.php\/wp-json\/wp\/v2\/comments?post=177"}],"version-history":[{"count":1,"href":"https:\/\/gerberei-oettrich.de\/gerberei\/index.php\/wp-json\/wp\/v2\/pages\/177\/revisions"}],"predecessor-version":[{"id":178,"href":"https:\/\/gerberei-oettrich.de\/gerberei\/index.php\/wp-json\/wp\/v2\/pages\/177\/revisions\/178"}],"wp:attachment":[{"href":"https:\/\/gerberei-oettrich.de\/gerberei\/index.php\/wp-json\/wp\/v2\/media?parent=177"}],"curies":[{"name":"wp","href":"https:\/\/api.w.org\/{rel}","templated":true}]}}