{"id":190,"date":"2022-09-21T22:20:22","date_gmt":"2022-09-21T20:20:22","guid":{"rendered":"https:\/\/gerberei-oettrich.de\/gerberei\/?page_id=190"},"modified":"2022-09-21T22:20:22","modified_gmt":"2022-09-21T20:20:22","slug":"zurichtung","status":"publish","type":"page","link":"https:\/\/gerberei-oettrich.de\/gerberei\/index.php\/zurichtung\/","title":{"rendered":"Zurichtung"},"content":{"rendered":"\n<p>Dieser Schritt beinhaltet die abschlie\u00dfenden Arbeiten. Das Fell wird getrocknet, wieder weichgemacht, die R\u00fcckseite des Felles geschliffen, die Wolle gek\u00e4mmt und abschlie\u00dfend die R\u00e4nder sauber beschnitten.<\/p>\n\n\n\n<p>Oben habe ich Ihnen beschrieben, wie die Zurichtung von Pelzfellen erfolgt. Da sich die Verarbeitung der Pelzfelle von der des Leders unterscheidet, beschreibe ich dies kurz die nach der Gerbung folgenden Arbeitsg\u00e4nge.<br>Nach der Gerbung wird die nun als Leder zu bezeichnende tierische Haut nach Fehlern auf der Narbenseite (Au\u00dfenseite der Haut) und entsprechend der Verwendung des Fertigleders sortiert. In der Regel wird anschlie\u00dfend die Haut auf einer Maschine mit einem Bandmesser, genannt \u201eSpaltmaschine\u201c, in der \u201eMitte\u201c durchgeschnitten und auf eine einheitlichen St\u00e4rke gebracht. Dieses Spalten kann aber auch schon in vorherigen Arbeitsschritten durchgef\u00fchrt worden sein. Meistens geschieht das Spalten in 2 Arbeitg\u00e4ngen. Da die Haut am Rand d\u00fcnner ist als am R\u00fccken, mu\u00df zuerst die Haut auf eine einheitliche St\u00e4rke gebracht werden. Beim zweiten Spalten wird die Haut auf die fast endg\u00fcltige St\u00e4rke gebracht. Kleinere St\u00e4rkedifferenzen werden sp\u00e4ter auf einer Falzmaschine nachgearbeitet. Dann werden die Leder, falls dies nicht schon geschehen ist, neutralisiert. Die Leder werden auf einen bestimmten pH-Wert eingestellt, damit Farbe und Fett leichter in die Hautschichten eindringen k\u00f6nnen. Anschlie\u00dfend werden die Leder getrocknet. Da der Gerber die Leder nach Fl\u00e4che verkauft, werden die Leder mit gewissem Zug auseinander gezogen. Danach schlie\u00dfen sich Arbeitsg\u00e4nge, wie das Auftragen von Farbe mittels Luft, das B\u00fcgeln der Leder zur Erh\u00f6hung des Farbglanzes, das Schleifen der Leder zum Erzielen gewisser Effekte, das Aufpr\u00e4gen von k\u00fcnstlichen Hautstrukturen sowie weitere Arbeitsg\u00e4nge an. Ich habe mit Absicht nicht alle Arbeitsg\u00e4nge erw\u00e4hnt, da dies diesen Rahmen sprengen und f\u00fcr einen Laien zu sehr ins Details gehen w\u00fcrde.<\/p>\n","protected":false},"excerpt":{"rendered":"<p>Dieser Schritt beinhaltet die abschlie\u00dfenden Arbeiten. Das Fell wird getrocknet, wieder weichgemacht, die R\u00fcckseite des Felles geschliffen, die Wolle gek\u00e4mmt und abschlie\u00dfend die R\u00e4nder sauber beschnitten. Oben habe ich Ihnen beschrieben, wie die Zurichtung von Pelzfellen erfolgt. Da sich die Verarbeitung der Pelzfelle von der des Leders unterscheidet, beschreibe ich dies kurz die nach der [&hellip;]<\/p>\n","protected":false},"author":1,"featured_media":0,"parent":0,"menu_order":0,"comment_status":"closed","ping_status":"closed","template":"","meta":{"footnotes":""},"class_list":["post-190","page","type-page","status-publish","hentry"],"jetpack_sharing_enabled":true,"_links":{"self":[{"href":"https:\/\/gerberei-oettrich.de\/gerberei\/index.php\/wp-json\/wp\/v2\/pages\/190","targetHints":{"allow":["GET"]}}],"collection":[{"href":"https:\/\/gerberei-oettrich.de\/gerberei\/index.php\/wp-json\/wp\/v2\/pages"}],"about":[{"href":"https:\/\/gerberei-oettrich.de\/gerberei\/index.php\/wp-json\/wp\/v2\/types\/page"}],"author":[{"embeddable":true,"href":"https:\/\/gerberei-oettrich.de\/gerberei\/index.php\/wp-json\/wp\/v2\/users\/1"}],"replies":[{"embeddable":true,"href":"https:\/\/gerberei-oettrich.de\/gerberei\/index.php\/wp-json\/wp\/v2\/comments?post=190"}],"version-history":[{"count":1,"href":"https:\/\/gerberei-oettrich.de\/gerberei\/index.php\/wp-json\/wp\/v2\/pages\/190\/revisions"}],"predecessor-version":[{"id":191,"href":"https:\/\/gerberei-oettrich.de\/gerberei\/index.php\/wp-json\/wp\/v2\/pages\/190\/revisions\/191"}],"wp:attachment":[{"href":"https:\/\/gerberei-oettrich.de\/gerberei\/index.php\/wp-json\/wp\/v2\/media?parent=190"}],"curies":[{"name":"wp","href":"https:\/\/api.w.org\/{rel}","templated":true}]}}