{"id":259,"date":"2022-09-21T23:54:44","date_gmt":"2022-09-21T21:54:44","guid":{"rendered":"https:\/\/gerberei-oettrich.de\/gerberei\/?page_id=259"},"modified":"2022-09-22T12:50:06","modified_gmt":"2022-09-22T10:50:06","slug":"finsterwalder-saengerfest-was-hier-abgeht-ist-einmalig","status":"publish","type":"page","link":"https:\/\/gerberei-oettrich.de\/gerberei\/index.php\/finsterwalder-saengerfest-was-hier-abgeht-ist-einmalig\/","title":{"rendered":"27.08.2012 &#8211; Lausitzer Rundschau"},"content":{"rendered":"\n<h4 class=\"wp-block-heading\">Finsterwalder S\u00e4ngerfest: &#8222;Was hier abgeht, ist einmalig&#8220;<\/h4>\n\n\n\n<p><strong>Tanzende, singende und fr\u00f6hliche Menschen auf allen Stra\u00dfen bis weit in die Nacht<\/strong><\/p>\n\n\n\n<p><em>Finsterwalde<\/em> Das S\u00e4ngerfest ging sofort in die Vollen. Tanzende, singende und fr\u00f6hlich feiernde Menschen pr\u00e4gten \u00fcberall auf den Stra\u00dfen und vor den B\u00fchnen die Innenstadt. Die gute Stimmung hielt bis zum Sonntagabend an. Besucher staunten: &#8222;Was hier abgeht, ist einmalig!&#8220; <\/p>\n\n\n\n<p>Das Musikangebot war an allen drei Tagen breit gef\u00e4chert. Im brechend vollen Museumshof verf\u00fchrten die Arbeiters\u00e4nger und die Lehrer-Singegruppe des S\u00e4ngerstadt-Gymnasiums am Freitagabend unter engagierter Leitung von Joachim Walter das Publikum erfolgreich zum Mitsingen. Zur gleichen Zeit hatte die heimische Band &#8222;Marble Cake&#8220; um Chris Poller und Marleen Mei\u00dfner mit Funk und Soul eine gro\u00dfe Fangemeinde in die Berliner Stra\u00dfe gelockt. Auf dem Topfmarkt gaben Jonas Gallin und Band ebenfalls ein Heimspiel. Die Post ging meist zu sp\u00e4ter Stunde auf mehreren B\u00fchnen richtig ab. Die ,,Zillertaler&#8220; sorgten mit ihren Hits und vielen anderen Ohrw\u00fcrmern und der lockeren Moderation f\u00fcr beste Stimmung. &#8222;Gipsy&#8220; und die Finsterwalder &#8222;Earthbend&#8220; rockten hinter dem Rathaus. <\/p>\n\n\n\n<p>Mehr als 20 Ch\u00f6re hatten ihre Auftritte im Schlosshof und auf der Hauptb\u00fchne. Rock, Pop, Schlager, Oldies und Rock &#8217;n&#8216; Roll erklang bis weit in die N\u00e4chte vor den B\u00fchnen. <\/p>\n\n\n\n<p>Keine Ruhe lie\u00dfen die Freunde b\u00f6hmischer Blasmusik in der Berliner Stra\u00dfe dem Schlitzohr Schwejk von der Kapelle &#8222;Toulava&#8220;. Die Wehnsdorfer Blasmusikanten spielten Samstag zum Fr\u00fchschoppen auf der B\u00fchne Topfmarkt. Andreas Bergener und seine Schlossberg-Musikanten unterhielten am Sonntagvormittag auf dem Markt bis zum Beginn des gro\u00dfen Festumzugs. In der Berliner Stra\u00dfe hatte die Jugend \u00fcber weite Strecken das musikalische Zepter \u00fcbernommen. Die Kreismusikschule Gebr\u00fcder Graun bot mit dem internationalen Big-Band-Projekt beste Unterhaltung. <\/p>\n\n\n\n<p>Peter Heppe von den vier Finsterwalder S\u00e4ngern schw\u00e4rmte am sp\u00e4ten Samstagabend: &#8222;Wir bekommen nur positive Reaktionen. Alle sind zufrieden und gut gelaunt. Einer hat sogar festgestellt: ,Was hier abgeht, ist einmalig!'&#8220; <\/p>\n\n\n\n<p>Zum ein Kilometer langen gro\u00dfen Festumzug am Sonntag s\u00e4umten zig Tausende Besucher die Stra\u00dfen. Lebensfroh und sehr kreativ zeigten sich Vereine, Kommunen, Ch\u00f6re, Handwerker und Unternehmen dem begeisterten Publikum.<\/p>\n\n\n\n<figure class=\"wp-block-image aligncenter size-full\"><img loading=\"lazy\" decoding=\"async\" width=\"500\" height=\"345\" src=\"https:\/\/gerberei-oettrich.de\/gerberei\/wp-content\/uploads\/2022\/09\/presse_27082012.jpg\" alt=\"\" class=\"wp-image-266\" srcset=\"https:\/\/gerberei-oettrich.de\/gerberei\/wp-content\/uploads\/2022\/09\/presse_27082012.jpg 500w, https:\/\/gerberei-oettrich.de\/gerberei\/wp-content\/uploads\/2022\/09\/presse_27082012-300x207.jpg 300w\" sizes=\"auto, (max-width: 500px) 100vw, 500px\" \/><\/figure>\n\n\n\n<p>Die Lausitzer Rundschau verteilte 6000 Exemplare eines Extra-Blattes mit ersten Fotos und Berichten vom S\u00e4ngerfest. Es ist \u00fcber Nacht in der Druckerei Wilkni\u00df in Massen gedruckt worden. Zum Beben brachte die Countryband Truck Stop den Markt am Sonntagabend. Als friedliches Fest ordnete auch die Polizei das S\u00e4ngerfest 2012 am Sonntagabend ein. <\/p>\n\n\n\n<p><em>J\u00fcrgen Weser und Heike Lehmann<\/em><\/p>\n\n\n\n<div class=\"wp-block-buttons is-layout-flex wp-block-buttons-is-layout-flex\">\n<div class=\"wp-block-button\"><a class=\"wp-block-button__link has-background\" href=\"https:\/\/gerberei-oettrich.de\/gerberei\/index.php\/artikel-aus-der-presse\/\" style=\"background-color:#a35235\">zur\u00fcck<\/a><\/div>\n<\/div>\n","protected":false},"excerpt":{"rendered":"<p>Finsterwalder S\u00e4ngerfest: &#8222;Was hier abgeht, ist einmalig&#8220; Tanzende, singende und fr\u00f6hliche Menschen auf allen Stra\u00dfen bis weit in die Nacht Finsterwalde Das S\u00e4ngerfest ging sofort in die Vollen. Tanzende, singende und fr\u00f6hlich feiernde Menschen pr\u00e4gten \u00fcberall auf den Stra\u00dfen und vor den B\u00fchnen die Innenstadt. Die gute Stimmung hielt bis zum Sonntagabend an. Besucher staunten: [&hellip;]<\/p>\n","protected":false},"author":1,"featured_media":0,"parent":0,"menu_order":0,"comment_status":"closed","ping_status":"closed","template":"","meta":{"footnotes":""},"class_list":["post-259","page","type-page","status-publish","hentry"],"jetpack_sharing_enabled":true,"_links":{"self":[{"href":"https:\/\/gerberei-oettrich.de\/gerberei\/index.php\/wp-json\/wp\/v2\/pages\/259","targetHints":{"allow":["GET"]}}],"collection":[{"href":"https:\/\/gerberei-oettrich.de\/gerberei\/index.php\/wp-json\/wp\/v2\/pages"}],"about":[{"href":"https:\/\/gerberei-oettrich.de\/gerberei\/index.php\/wp-json\/wp\/v2\/types\/page"}],"author":[{"embeddable":true,"href":"https:\/\/gerberei-oettrich.de\/gerberei\/index.php\/wp-json\/wp\/v2\/users\/1"}],"replies":[{"embeddable":true,"href":"https:\/\/gerberei-oettrich.de\/gerberei\/index.php\/wp-json\/wp\/v2\/comments?post=259"}],"version-history":[{"count":4,"href":"https:\/\/gerberei-oettrich.de\/gerberei\/index.php\/wp-json\/wp\/v2\/pages\/259\/revisions"}],"predecessor-version":[{"id":309,"href":"https:\/\/gerberei-oettrich.de\/gerberei\/index.php\/wp-json\/wp\/v2\/pages\/259\/revisions\/309"}],"wp:attachment":[{"href":"https:\/\/gerberei-oettrich.de\/gerberei\/index.php\/wp-json\/wp\/v2\/media?parent=259"}],"curies":[{"name":"wp","href":"https:\/\/api.w.org\/{rel}","templated":true}]}}