{"id":30,"date":"2022-05-10T09:43:38","date_gmt":"2022-05-10T07:43:38","guid":{"rendered":"https:\/\/gerberei-oettrich.de\/gerberei\/?page_id=30"},"modified":"2022-09-21T21:37:36","modified_gmt":"2022-09-21T19:37:36","slug":"das-leder","status":"publish","type":"page","link":"https:\/\/gerberei-oettrich.de\/gerberei\/index.php\/das-leder\/","title":{"rendered":"Das Leder"},"content":{"rendered":"\n<p>Der Gerber &#8211; was macht der eigentlich und was hat er mit Leder zu tun???<\/p>\n\n\n\n<p>kurz gesagt:<\/p>\n\n\n\n<blockquote class=\"wp-block-quote is-layout-flow wp-block-quote-is-layout-flow\"><p><em>Er l\u00e4\u00dft anderen das Fell \u00fcber die Ohren ziehen, gerbt den Leuten das selbige und verlangt daf\u00fcr auch noch Geld!<\/em><\/p><\/blockquote>\n\n\n\n<p>ABER SO EINFACH IST ES NICHT,<br>denn es sind schon unz\u00e4hlige B\u00fccher und Arbeiten dar\u00fcber geschrieben worden, viele haben daf\u00fcr einen Diplom-Ingenieur, einen Doktor oder wie ich den Gerbermeister als Titel bekommen.<br>Der Beruf des Gerbers hat viel mit Wasser, k\u00f6rperlich schwerer Arbeit, Ger\u00fcchen, der Physik, Chemie, Mechanik, Biologie, der Mode und einer sehr, sehr langen Geschichte zu tun !<\/p>\n\n\n\n<p>Leder ist in der vergangenen und in der heutigen Zeit gar nicht mehr wegzudenken. Wir tragen es am K\u00f6rper oder sitzen darauf. Leder existiert auch in unserere Sprache als gefl\u00fcgelte Worte &#8211; die Felle schwimmen weg, das passt auf keine Kuhhaut, jemand zieht von Leder, usw., usw.. In der Vergangenheit war es aber noch weitaus wichtiger. In grauer Vorzeit sch\u00fctzte und w\u00e4rmte das Leder unsere Urahnen, auf ihm als Pergament wurden Frieden geschlossen, es hing als Tapete an der Wand, der Treibriemen war eigentlich das Symbol f\u00fcr die industrielle Revolution im 19. Jahrhundert, Pauken w\u00fcrden ohne einer tierischen Haut kein Ton von sich geben und Deutschland w\u00e4re im Fu\u00dfball ohne dem runden Leder nicht so erfolgreich. Auf den nachfolgenden Seiten werde ich Ihnen in einiger Zeit in kurzen Worten den Werdegang des Leders von der Rohhaut zum Fertigprodukt erl\u00e4utern. Keine Angst, es wird kein Fachchinesisch folgen.<\/p>\n","protected":false},"excerpt":{"rendered":"<p>Der Gerber &#8211; was macht der eigentlich und was hat er mit Leder zu tun??? kurz gesagt: Er l\u00e4\u00dft anderen das Fell \u00fcber die Ohren ziehen, gerbt den Leuten das selbige und verlangt daf\u00fcr auch noch Geld! ABER SO EINFACH IST ES NICHT,denn es sind schon unz\u00e4hlige B\u00fccher und Arbeiten dar\u00fcber geschrieben worden, viele haben [&hellip;]<\/p>\n","protected":false},"author":1,"featured_media":0,"parent":0,"menu_order":0,"comment_status":"closed","ping_status":"closed","template":"","meta":{"footnotes":""},"class_list":["post-30","page","type-page","status-publish","hentry"],"jetpack_sharing_enabled":true,"_links":{"self":[{"href":"https:\/\/gerberei-oettrich.de\/gerberei\/index.php\/wp-json\/wp\/v2\/pages\/30","targetHints":{"allow":["GET"]}}],"collection":[{"href":"https:\/\/gerberei-oettrich.de\/gerberei\/index.php\/wp-json\/wp\/v2\/pages"}],"about":[{"href":"https:\/\/gerberei-oettrich.de\/gerberei\/index.php\/wp-json\/wp\/v2\/types\/page"}],"author":[{"embeddable":true,"href":"https:\/\/gerberei-oettrich.de\/gerberei\/index.php\/wp-json\/wp\/v2\/users\/1"}],"replies":[{"embeddable":true,"href":"https:\/\/gerberei-oettrich.de\/gerberei\/index.php\/wp-json\/wp\/v2\/comments?post=30"}],"version-history":[{"count":3,"href":"https:\/\/gerberei-oettrich.de\/gerberei\/index.php\/wp-json\/wp\/v2\/pages\/30\/revisions"}],"predecessor-version":[{"id":161,"href":"https:\/\/gerberei-oettrich.de\/gerberei\/index.php\/wp-json\/wp\/v2\/pages\/30\/revisions\/161"}],"wp:attachment":[{"href":"https:\/\/gerberei-oettrich.de\/gerberei\/index.php\/wp-json\/wp\/v2\/media?parent=30"}],"curies":[{"name":"wp","href":"https:\/\/api.w.org\/{rel}","templated":true}]}}