{"id":301,"date":"2022-09-22T11:49:26","date_gmt":"2022-09-22T09:49:26","guid":{"rendered":"https:\/\/gerberei-oettrich.de\/gerberei\/?page_id=301"},"modified":"2022-09-22T13:08:38","modified_gmt":"2022-09-22T11:08:38","slug":"09-07-2012-lausitzer-rundschau","status":"publish","type":"page","link":"https:\/\/gerberei-oettrich.de\/gerberei\/index.php\/09-07-2012-lausitzer-rundschau\/","title":{"rendered":"09.07.2012 &#8211; Lausitzer Rundschau"},"content":{"rendered":"\n<h4 class=\"wp-block-heading\">Wie Doki auf die Leinwand kommt<\/h4>\n\n\n\n<p><strong>Felle der Gerberei Oettrich sind Requisiten f\u00fcr einen Kinofilm \/ &#8222;Der Medicus&#8220; ist das n\u00e4chste Filmprojekt<\/strong><\/p>\n\n\n\n<p><em>Doberlug-Kirchhain<\/em> Was hat eine Filmproduktion mit Doberlug-Kirchhain zu tun? Die sicher schnellste Antwort: Das Kloster der Stadt dient als Kulisse. Eine Vermutung, die nahe liegt, aber nicht zutrifft. Nicht zum ersten Mal kommen Requisiten f\u00fcr einen Streifen aus Doberlug-Kirchhain \u2013 genau genommen aus einer Gerberei der Stadt.<\/p>\n\n\n\n<figure class=\"wp-block-image aligncenter size-full is-resized\"><img loading=\"lazy\" decoding=\"async\" src=\"https:\/\/gerberei-oettrich.de\/gerberei\/wp-content\/uploads\/2022\/09\/presse_09072012.jpg\" alt=\"\" class=\"wp-image-273\" width=\"500\" height=\"234\" srcset=\"https:\/\/gerberei-oettrich.de\/gerberei\/wp-content\/uploads\/2022\/09\/presse_09072012.jpg 500w, https:\/\/gerberei-oettrich.de\/gerberei\/wp-content\/uploads\/2022\/09\/presse_09072012-300x140.jpg 300w\" sizes=\"auto, (max-width: 500px) 100vw, 500px\" \/><figcaption>Andreas (r.) und Gerbermeister Manfred Oettrich von der gleichnamigen Gerberei in Kirchhain. Foto: mcl<\/figcaption><\/figure>\n\n\n\n<p>Seit M\u00e4rz dieses Jahres laufen die Dreharbeiten in Mitteldeutschland. Das Schloss Kettenburg \u2013 eine Burganlage in Gr\u00e4fentonna (Landkreis Gotha) \u2013 bietet die Kulisse f\u00fcr die europ\u00e4ische Co-Produktion (deutsch-ungarisch-\u00f6sterreichisch-franz\u00f6sisch). Es ist ein Film, der 2013 in die Kinos kommen soll. &#8222;Das gro\u00dfe Heft&#8220; von Agota Kristof (1935-2011) \u2013 sie war eine ungarisch-schweizerische Schriftstellerin, die in franz\u00f6sischer Sprache schrieb \u2013 ist ein Antikriegsdrama und dient als Filmvorlage. Die erste Buchver\u00f6ffentlichung erfolgte in Franz\u00f6sisch im Jahr 1986. Das Buch wurde in \u00fcber 30 Sprachen \u00fcbersetzt und ist mit mehreren Preisen dotiert worden. <\/p>\n\n\n\n<p>Zur\u00fcck zum Drehort: Das einstige gr\u00e4fliche Schloss wurde bis Anfang der 1990er-Jahre als Gef\u00e4ngnis genutzt. Eine leere Gastst\u00e4tte in Gr\u00e4fentonna dient als Schauplatz einer Taverne im Film. Und ein Raum im Schloss wurde zur Schuhmacherei umfunktioniert. Requisiten eines \u00f6rtlichen Tr\u00f6delh\u00e4ndlers und Felle aus der Doberlug-Kirchhainer Gerberei von Manfred und Andreas Oettrich pr\u00e4gen die Szenerie. Detailverliebt zeigt sich die Schuhmacherwerkstatt im Erdgeschoss. Denn, wo vorher nur ein leerer, kalter Raum h\u00f6chstens noch an die DDR-Vergangenheit des einstigen Schlosses als Gef\u00e4ngnis erinnert, reihen sich zig Paar braune und schwarze, feine und derbe Schuhe an den W\u00e4nden, liegen Leisten und Stiefelknechte bereit und h\u00e4ngen Lederzuschnitte aus Doberlug-Kirchhain an Schn\u00fcren unter der Decke. Im Film verpasst ein Offizier in dieser Kulisse einem der Zwillingsbr\u00fcder \u2013 die Hauptfiguren im Streifen \u2013 in einer dunklen Nische eine Ohrfeige, die ihn vom Schemmel schleudert\u2026 Doch wie kommen Filmemacher ausgerechnet an die Doberlug-Kirchhainer Gerberei? Im Internet hatte sich die Ausstatterin des Films &#8222;Das gro\u00dfe Heft&#8220; bis nach Kirchhain durchgearbeitet, erz\u00e4hlt Manfred Oettrich. &#8222;Klar, ein Gl\u00fccksfall&#8220;, best\u00e4tigt der Gerbermeister. &#8222;Das Verleihen von Lederst\u00fccken und Fellen macht nicht reich, aber ist ein kleines Zubrot und interessant ist es allemal&#8220;, sagt Oettrich und hat erfahren: &#8222;Mit knappen Budgets wird auch dabei gearbeitet. \u00dcber die Filmemacherei mehr zu erfahren, ist interessant. Man besch\u00e4ftigt sich mal mit etwas Anderem. Wenn wir die Freigabe erhalten, dann kommen bald Bilder vom Dreh auf unsere Homepage.&#8220; <\/p>\n\n\n\n<p>Schnell war der Lieferschein f\u00fcr 50 gegerbte Requisiten ausgestellt und die Ware abgeholt. Mittlerweile sind diese wohlbehalten wieder zur\u00fcckgekommen. Schlie\u00dflich stand vor etwa drei Wochen bereits die n\u00e4chste Filmausstatterin vor der Kirchhainer Gerberei-T\u00fcr und erkl\u00e4rte, Requisiten f\u00fcr den Film &#8222;Der Medicus&#8220; zu suchen. &#8222;Da wir keine schlechten Erfahrungen gemacht haben, z\u00f6gerten wir auch diesmal nicht lange und verliehen unsere Felle. Nein, nicht die letzten&#8220;, lacht Oettrich. Der Film, so kann man im Internet nachlesen, l\u00e4uft unter der Regie von Philipp St\u00f6lzl. Die Dreharbeiten zur Filmadaption von Noah Gordons Weltbestseller haben am 19. Juni begonnen. Die weibliche Hauptrolle spielt Emma Rigby. Neben ihr werden Tom Payne (Medicus), Ben Kinsley (Ibn Sina), Stellan Skarsgard (Barber), Oliver Martinez (Schah Ala ad-Daula) und Elyas M. Baraek (Karim) spielen. Gedreht wird bis zum September in Th\u00fcringen, Sachsen-Anhalt, Berlin, K\u00f6ln und in Marokko. Es ist das Gro\u00dfprojekt der UFA Cinema f\u00fcr 2012. Ins Kino kommt &#8222;Der Medicus&#8220; 2013. Manfred Oettrich und sein Bruder Andreas sind gespannt darauf, wann sie einen der Filme sehen und die Wirkung ihrer Requisiten beurteilen k\u00f6nnen. Solange bleiben sie dabei und ziehen ab September wieder anderen das Fell \u00fcber die Ohren, gerben es und machen es zu Geld. <\/p>\n\n\n\n<p><em>Mona Claus<\/em><\/p>\n\n\n\n<div class=\"wp-block-buttons is-layout-flex wp-block-buttons-is-layout-flex\">\n<div class=\"wp-block-button is-style-fill\"><a class=\"wp-block-button__link has-background\" href=\"https:\/\/gerberei-oettrich.de\/gerberei\/index.php\/artikel-aus-der-presse\/\" style=\"background-color:#a35235\">zur\u00fcck<\/a><\/div>\n<\/div>\n","protected":false},"excerpt":{"rendered":"<p>Wie Doki auf die Leinwand kommt Felle der Gerberei Oettrich sind Requisiten f\u00fcr einen Kinofilm \/ &#8222;Der Medicus&#8220; ist das n\u00e4chste Filmprojekt Doberlug-Kirchhain Was hat eine Filmproduktion mit Doberlug-Kirchhain zu tun? Die sicher schnellste Antwort: Das Kloster der Stadt dient als Kulisse. Eine Vermutung, die nahe liegt, aber nicht zutrifft. Nicht zum ersten Mal kommen [&hellip;]<\/p>\n","protected":false},"author":1,"featured_media":0,"parent":0,"menu_order":0,"comment_status":"closed","ping_status":"closed","template":"","meta":{"footnotes":""},"class_list":["post-301","page","type-page","status-publish","hentry"],"jetpack_sharing_enabled":true,"_links":{"self":[{"href":"https:\/\/gerberei-oettrich.de\/gerberei\/index.php\/wp-json\/wp\/v2\/pages\/301","targetHints":{"allow":["GET"]}}],"collection":[{"href":"https:\/\/gerberei-oettrich.de\/gerberei\/index.php\/wp-json\/wp\/v2\/pages"}],"about":[{"href":"https:\/\/gerberei-oettrich.de\/gerberei\/index.php\/wp-json\/wp\/v2\/types\/page"}],"author":[{"embeddable":true,"href":"https:\/\/gerberei-oettrich.de\/gerberei\/index.php\/wp-json\/wp\/v2\/users\/1"}],"replies":[{"embeddable":true,"href":"https:\/\/gerberei-oettrich.de\/gerberei\/index.php\/wp-json\/wp\/v2\/comments?post=301"}],"version-history":[{"count":5,"href":"https:\/\/gerberei-oettrich.de\/gerberei\/index.php\/wp-json\/wp\/v2\/pages\/301\/revisions"}],"predecessor-version":[{"id":319,"href":"https:\/\/gerberei-oettrich.de\/gerberei\/index.php\/wp-json\/wp\/v2\/pages\/301\/revisions\/319"}],"wp:attachment":[{"href":"https:\/\/gerberei-oettrich.de\/gerberei\/index.php\/wp-json\/wp\/v2\/media?parent=301"}],"curies":[{"name":"wp","href":"https:\/\/api.w.org\/{rel}","templated":true}]}}