{"id":311,"date":"2022-09-22T13:03:47","date_gmt":"2022-09-22T11:03:47","guid":{"rendered":"https:\/\/gerberei-oettrich.de\/gerberei\/?page_id=311"},"modified":"2022-09-22T13:04:25","modified_gmt":"2022-09-22T11:04:25","slug":"11-02-2010-lausitzer-rundschau","status":"publish","type":"page","link":"https:\/\/gerberei-oettrich.de\/gerberei\/index.php\/11-02-2010-lausitzer-rundschau\/","title":{"rendered":"11.02.2010 &#8211; Lausitzer Rundschau"},"content":{"rendered":"\n<p><strong>Zum Schuhmacher, W\u00e4scher und ins Caf\u00e8 Stadtspaziergang in Finsterwalde mit Christine Graf\/G\u00e4stef\u00fchrer tagten in der S\u00e4ngerstadt<\/strong><\/p>\n\n\n\n<p><em>Finsterwalde<\/em> Immer mehr Menschen erkennen den S\u00fcden Brandenburgs als Reiseland. Zu diesem Ergebnis kommt Walter Bayer, der Vorsitzende des G\u00e4stef\u00fchrerrings S\u00fcdbrandenburg\/Nordsachsen, dem etwa 35 anerkannte G\u00e4stef\u00fchrer angeh\u00f6ren. Dieser Tage traf sich der Verein zu seiner ersten Jahrestages 2010 in der S\u00e4ngerstadt. <\/p>\n\n\n\n<p>\u201eG\u00e4stef\u00fchrer organisieren inzwischen nicht nur Rad- und Wandertouren. Sie halten auch geschichtliche Vortr\u00e4ge, veranstalten Mal- und andere Kurse f\u00fcr Kinder und sind sogar Buchautoren, wie Nora G\u00fcnther aus Prestewitz und Harald Schneider aus Staupitz, der auch in niederlausitzer Mundart schreibt\u201c, so Bayer. Neben Harald Schneider geh\u00f6ren Anett Gottschalk und Ingrid Mohr aus Doberlug-Kirchhain sowie Christine Graf aus Lichterfeld zu den G\u00e4stef\u00fchrern im Finsterwalder Altkreis. <\/p>\n\n\n\n<p>Anl\u00e4sslich des Weltg\u00e4stef\u00fchrertages, der seit 1989 am und um den 21. Februar mit zahlreichen Veranstaltungen begangen wird und in diesem Jahr unter dem Motto steht \u201eEs riecht nach Arbeit\u201c, laden auch die G\u00e4stef\u00fchrer der Region zu interessanten Touren ein. So f\u00fchrt Ingrid Mohr Interessenten in Doberlug-Kirchhain schon heute in die Gerberei Oettrich und in die Sattlerei Staack (Treff 11 Uhr am Kirchhainer Rathaus). Am 27. Februar l\u00e4dt Christine Graf zu einem Finsterwalder Stadtspaziergang ein. Unterwegs werden drei kleine Unternehmen besucht, die orthop\u00e4dische Schuhmacherwerkstatt am Moritzplatz, die W\u00e4scherei Bl\u00fctenwei\u00df und das Caf\u00e8 Fortuna (Treff 10 Uhr am Alexanderplatz). <\/p>\n\n\n\n<p><em>\u2013db\u2013<\/em><\/p>\n\n\n\n<div class=\"wp-block-buttons is-layout-flex wp-block-buttons-is-layout-flex\">\n<div class=\"wp-block-button\"><a class=\"wp-block-button__link has-background\" href=\"https:\/\/gerberei-oettrich.de\/gerberei\/index.php\/artikel-aus-der-presse\/\" style=\"background-color:#a35235\">zur\u00fcck<\/a><\/div>\n<\/div>\n","protected":false},"excerpt":{"rendered":"<p>Zum Schuhmacher, W\u00e4scher und ins Caf\u00e8 Stadtspaziergang in Finsterwalde mit Christine Graf\/G\u00e4stef\u00fchrer tagten in der S\u00e4ngerstadt Finsterwalde Immer mehr Menschen erkennen den S\u00fcden Brandenburgs als Reiseland. Zu diesem Ergebnis kommt Walter Bayer, der Vorsitzende des G\u00e4stef\u00fchrerrings S\u00fcdbrandenburg\/Nordsachsen, dem etwa 35 anerkannte G\u00e4stef\u00fchrer angeh\u00f6ren. Dieser Tage traf sich der Verein zu seiner ersten Jahrestages 2010 in [&hellip;]<\/p>\n","protected":false},"author":1,"featured_media":0,"parent":0,"menu_order":0,"comment_status":"closed","ping_status":"closed","template":"","meta":{"footnotes":""},"class_list":["post-311","page","type-page","status-publish","hentry"],"jetpack_sharing_enabled":true,"_links":{"self":[{"href":"https:\/\/gerberei-oettrich.de\/gerberei\/index.php\/wp-json\/wp\/v2\/pages\/311","targetHints":{"allow":["GET"]}}],"collection":[{"href":"https:\/\/gerberei-oettrich.de\/gerberei\/index.php\/wp-json\/wp\/v2\/pages"}],"about":[{"href":"https:\/\/gerberei-oettrich.de\/gerberei\/index.php\/wp-json\/wp\/v2\/types\/page"}],"author":[{"embeddable":true,"href":"https:\/\/gerberei-oettrich.de\/gerberei\/index.php\/wp-json\/wp\/v2\/users\/1"}],"replies":[{"embeddable":true,"href":"https:\/\/gerberei-oettrich.de\/gerberei\/index.php\/wp-json\/wp\/v2\/comments?post=311"}],"version-history":[{"count":3,"href":"https:\/\/gerberei-oettrich.de\/gerberei\/index.php\/wp-json\/wp\/v2\/pages\/311\/revisions"}],"predecessor-version":[{"id":314,"href":"https:\/\/gerberei-oettrich.de\/gerberei\/index.php\/wp-json\/wp\/v2\/pages\/311\/revisions\/314"}],"wp:attachment":[{"href":"https:\/\/gerberei-oettrich.de\/gerberei\/index.php\/wp-json\/wp\/v2\/media?parent=311"}],"curies":[{"name":"wp","href":"https:\/\/api.w.org\/{rel}","templated":true}]}}