{"id":315,"date":"2022-09-22T13:07:46","date_gmt":"2022-09-22T11:07:46","guid":{"rendered":"https:\/\/gerberei-oettrich.de\/gerberei\/?page_id=315"},"modified":"2022-09-22T13:55:33","modified_gmt":"2022-09-22T11:55:33","slug":"06-09-2009-tagesspiegel","status":"publish","type":"page","link":"https:\/\/gerberei-oettrich.de\/gerberei\/index.php\/06-09-2009-tagesspiegel\/","title":{"rendered":"06.09.2009 &#8211; Tagesspiegel"},"content":{"rendered":"\n<h4 class=\"wp-block-heading\">Matthias Platzeck &#8211; Von Heimspiel zu Heimspiel<\/h4>\n\n\n\n<p><strong>In Brandenburg ist niemand in Sicht, der Ministerpr\u00e4sident Matthias Platzeck (SPD) gef\u00e4hrlich werden kann. Der inszeniert seinen Wahlkampf als Wanderzirkus.<\/strong><\/p>\n\n\n\n<p><em>Caputh\/Elsterwerda <\/em>&#8211; Ein echter Gerber, Sachen gibt\u2019s im L\u00e4ndchen! Matthias Platzeck, den selten etwas \u00fcberraschen kann, ist einen Moment lang verbl\u00fcfft. \u201eIch war fr\u00fcher der j\u00fcngste Gerbermeister der DDR. Und nun bin ich wohl der einzige im Land Brandenburg, irgendwie ein Dinosaurier.\u201c So hat sich sein Tischnachbar gerade vorgestellt. Es ist Martin Oettrich, Mitte vierzig, ein uriger Typ, dem der Schalk aus den Augen blitzt. Erst vor drei Jahren hatte sich Oettrich selbstst\u00e4ndig gemacht, die jahrhundertealte Familientradition in Doberlug-Kirchhain aufleben lassen, die nach der Wende unterbrochen war, weil damals pl\u00f6tzlich keiner mehr Felle wollte. Und heute, erkundigt sich Platzeck fasziniert, k\u00f6nne man davon wieder leben? \u201eKlar\u201c, mit dreihundert Fellen pro Jahr habe er angefangen, jetzt seien es schon 600, alles Handarbeit, die an Kunden selbst im Emsland oder dem Allg\u00e4u geliefert werden, erz\u00e4hlt Oettrich. \u201eReich wird man nicht.\u201c<br>Aber zu tun gebe es genug, jedenfalls so viel, dass er am liebsten den Bruder aus dem Westen zur\u00fcckholen w\u00fcrde. Nun ist er es, der fragt: \u201eZahlt das Land eigentlich eine Pr\u00e4mie f\u00fcr R\u00fcckkehrer?\u201c \u2013 \u201eN\u00f6\u00f6!\u201c, antwortet Platzeck. \u201eNach Brandenburg zur\u00fcckzukommen, ist n\u00e4mlich eine Ehre.\u201c Heiterkeit am Tisch. Darauf sto\u00dfen alle an.<\/p>\n\n\n\n<div class=\"wp-block-buttons is-layout-flex wp-block-buttons-is-layout-flex\">\n<div class=\"wp-block-button\"><a class=\"wp-block-button__link has-background\" href=\"https:\/\/gerberei-oettrich.de\/gerberei\/index.php\/artikel-aus-der-presse\/\" style=\"background-color:#a35235\">zur\u00fcck<\/a><\/div>\n<\/div>\n","protected":false},"excerpt":{"rendered":"<p>Matthias Platzeck &#8211; Von Heimspiel zu Heimspiel In Brandenburg ist niemand in Sicht, der Ministerpr\u00e4sident Matthias Platzeck (SPD) gef\u00e4hrlich werden kann. Der inszeniert seinen Wahlkampf als Wanderzirkus. Caputh\/Elsterwerda &#8211; Ein echter Gerber, Sachen gibt\u2019s im L\u00e4ndchen! Matthias Platzeck, den selten etwas \u00fcberraschen kann, ist einen Moment lang verbl\u00fcfft. \u201eIch war fr\u00fcher der j\u00fcngste Gerbermeister der [&hellip;]<\/p>\n","protected":false},"author":1,"featured_media":0,"parent":0,"menu_order":0,"comment_status":"closed","ping_status":"closed","template":"","meta":{"footnotes":""},"class_list":["post-315","page","type-page","status-publish","hentry"],"jetpack_sharing_enabled":true,"_links":{"self":[{"href":"https:\/\/gerberei-oettrich.de\/gerberei\/index.php\/wp-json\/wp\/v2\/pages\/315","targetHints":{"allow":["GET"]}}],"collection":[{"href":"https:\/\/gerberei-oettrich.de\/gerberei\/index.php\/wp-json\/wp\/v2\/pages"}],"about":[{"href":"https:\/\/gerberei-oettrich.de\/gerberei\/index.php\/wp-json\/wp\/v2\/types\/page"}],"author":[{"embeddable":true,"href":"https:\/\/gerberei-oettrich.de\/gerberei\/index.php\/wp-json\/wp\/v2\/users\/1"}],"replies":[{"embeddable":true,"href":"https:\/\/gerberei-oettrich.de\/gerberei\/index.php\/wp-json\/wp\/v2\/comments?post=315"}],"version-history":[{"count":2,"href":"https:\/\/gerberei-oettrich.de\/gerberei\/index.php\/wp-json\/wp\/v2\/pages\/315\/revisions"}],"predecessor-version":[{"id":321,"href":"https:\/\/gerberei-oettrich.de\/gerberei\/index.php\/wp-json\/wp\/v2\/pages\/315\/revisions\/321"}],"wp:attachment":[{"href":"https:\/\/gerberei-oettrich.de\/gerberei\/index.php\/wp-json\/wp\/v2\/media?parent=315"}],"curies":[{"name":"wp","href":"https:\/\/api.w.org\/{rel}","templated":true}]}}