{"id":322,"date":"2022-09-22T13:58:07","date_gmt":"2022-09-22T11:58:07","guid":{"rendered":"https:\/\/gerberei-oettrich.de\/gerberei\/?page_id=322"},"modified":"2022-09-22T13:58:07","modified_gmt":"2022-09-22T11:58:07","slug":"31-08-2009-lausitzer-rundschau","status":"publish","type":"page","link":"https:\/\/gerberei-oettrich.de\/gerberei\/index.php\/31-08-2009-lausitzer-rundschau\/","title":{"rendered":"31.08.2009 &#8211; Lausitzer Rundschau"},"content":{"rendered":"\n<h4 class=\"wp-block-heading\">Wie die Gerberei einst die Stadt pr\u00e4gte<\/h4>\n\n\n\n<p><strong>Kirchhainer Handwerk an der Stra\u00dfe des Leders<\/strong><\/p>\n\n\n\n<p><em>Doberlug-Kirchhain<\/em> In der Potsdamer Stra\u00dfe bot sich den Festbesuchern zum Stadtfest \u201e775 Jahre Kirchhain\u201c die Chance, den traditionellen Produktionsprozess im Gerberhandwerk nachzuvollziehen. Dazu pr\u00e4sentierten sich die drei verbliebenen Gerbermeister der Stadt sowie ihr Lieferant und Reparateur f\u00fcr Maschinen Hendrik Schulze.<\/p>\n\n\n\n<figure class=\"wp-block-image aligncenter size-full\"><img loading=\"lazy\" decoding=\"async\" width=\"525\" height=\"447\" src=\"https:\/\/gerberei-oettrich.de\/gerberei\/wp-content\/uploads\/2022\/09\/presse_31082009.jpg\" alt=\"Gerberei Manfred Oettrich\" class=\"wp-image-268\" srcset=\"https:\/\/gerberei-oettrich.de\/gerberei\/wp-content\/uploads\/2022\/09\/presse_31082009.jpg 525w, https:\/\/gerberei-oettrich.de\/gerberei\/wp-content\/uploads\/2022\/09\/presse_31082009-300x255.jpg 300w\" sizes=\"auto, (max-width: 525px) 100vw, 525px\" \/><figcaption>Die Gerbermeister f\u00fchren in der Potsdamer Stra\u00dfe ihr Handwerk vor. Foto: D. Seidel Foto: D. Seidel<\/figcaption><\/figure>\n\n\n\n<p>Auch Fragen der vorbeiflanierenden Leute zur Gerberei wurden ausf\u00fchrlich beantwortet. So demonstrierte Manfred Oettrich an einer vorbereiteten Wildschweinhaut, wie mit dem Streicheisen Fleisch und Fett entfernt werden. \u201eHeute wird das vielfach auch maschinell gemacht, die Entfleischung per Hand ist sehr anstrengend und kraftintensiv\u201c, erl\u00e4uterte er. Au\u00dferdem gab Oettrich, der noch mit traditionellen Mitteln arbeitet, einen kurzen \u00dcberblick der verschiedenen Gerbstoffe, von mineralischen wie Chrom \u00fcber die Fettgerbung bis zur pflanzlichen mit Eichenrinde.<\/p>\n\n\n\n<p>Nebenan bei Paul H\u00f6ppner konnte man dessen einzigartigen Strau\u00dfenlederwaren, darunter Schl\u00fcsselanh\u00e4nger, Portemonnaies und modische Handtaschen, bewundern und auch kaufen. Dabei betonte er: \u201eWir haben heute alles von der Rohware bis zu Finalprodukten hier.\u201c Extra zum Jubil\u00e4umsfest gab es viele Artikel auch zum Sonderpreis von 7,75 oder 77,50 Euro. Bei H\u00f6ppner konnte man auch erfahren, dass der Glanz des Leders davon abh\u00e4ngt, ob es mit oder ohne Zurichtung angefertigt wird.<\/p>\n\n\n\n<p>Arno Wolf, der \u00e4lteste der drei Gerber, bot den G\u00e4sten sein umfangreiches Sortiment an Mufflon-, Wildschwein- und Schaffellen sowie flauschige Hausschuhe mit Lammfell an. Dabei erkl\u00e4rte er die Vorteile dieses Naturprodukts: \u201eWichtig ist, dass wir kein synthetisches Material f\u00fcr die Schuhe verwenden. So k\u00f6nnen sie, wenn man schwitzt, bis zu 28 Prozent Feuchtigkeit aufnehmen.\u201c Des Weiteren lobte er die Zusammenarbeit der Gerber mit der Firma Metallbau Schulze, denn der Familienbetrieb, aktuell von Hendrik Schulze gef\u00fchrt, beliefert die Kirchhainer Gerber seit drei Generationen mit Spiralmessern und den dazugeh\u00f6rigen Wellen. Vor der Wende war man in diesem Segment sogar einziger Hersteller in Deutschland, berichtet Hendrik Schulze. So erinnert sich Arno Wolf auch noch an die enorme Hilfe, die Schulzes den Gerbern nach dem Krieg leisteten. Besonders hob er dabei deren Einfallsreichtum hervor, teilweise habe es sogar Neuerfindungen in Kirchhain gegeben.<\/p>\n\n\n\n<p>Schlie\u00dflich konnte jeder Besucher etwas Wissenswertes \u00fcber das pr\u00e4gende Handwerk der Gerberstadt mit nach Hause nehmen, auch wenn heute nur noch drei Gerber t\u00e4tig sind und die Jahrhunderte alte Tradition erhalten.<\/p>\n\n\n\n<p><em>Holger Manigk<\/em><\/p>\n\n\n\n<div class=\"wp-block-buttons is-layout-flex wp-block-buttons-is-layout-flex\">\n<div class=\"wp-block-button is-style-fill\"><a class=\"wp-block-button__link has-background\" href=\"https:\/\/gerberei-oettrich.de\/gerberei\/index.php\/artikel-aus-der-presse\/\" style=\"background-color:#a35235\">zur\u00fcck<\/a><\/div>\n<\/div>\n","protected":false},"excerpt":{"rendered":"<p>Wie die Gerberei einst die Stadt pr\u00e4gte Kirchhainer Handwerk an der Stra\u00dfe des Leders Doberlug-Kirchhain In der Potsdamer Stra\u00dfe bot sich den Festbesuchern zum Stadtfest \u201e775 Jahre Kirchhain\u201c die Chance, den traditionellen Produktionsprozess im Gerberhandwerk nachzuvollziehen. Dazu pr\u00e4sentierten sich die drei verbliebenen Gerbermeister der Stadt sowie ihr Lieferant und Reparateur f\u00fcr Maschinen Hendrik Schulze. Auch [&hellip;]<\/p>\n","protected":false},"author":1,"featured_media":0,"parent":0,"menu_order":0,"comment_status":"closed","ping_status":"closed","template":"","meta":{"footnotes":""},"class_list":["post-322","page","type-page","status-publish","hentry"],"jetpack_sharing_enabled":true,"_links":{"self":[{"href":"https:\/\/gerberei-oettrich.de\/gerberei\/index.php\/wp-json\/wp\/v2\/pages\/322","targetHints":{"allow":["GET"]}}],"collection":[{"href":"https:\/\/gerberei-oettrich.de\/gerberei\/index.php\/wp-json\/wp\/v2\/pages"}],"about":[{"href":"https:\/\/gerberei-oettrich.de\/gerberei\/index.php\/wp-json\/wp\/v2\/types\/page"}],"author":[{"embeddable":true,"href":"https:\/\/gerberei-oettrich.de\/gerberei\/index.php\/wp-json\/wp\/v2\/users\/1"}],"replies":[{"embeddable":true,"href":"https:\/\/gerberei-oettrich.de\/gerberei\/index.php\/wp-json\/wp\/v2\/comments?post=322"}],"version-history":[{"count":1,"href":"https:\/\/gerberei-oettrich.de\/gerberei\/index.php\/wp-json\/wp\/v2\/pages\/322\/revisions"}],"predecessor-version":[{"id":323,"href":"https:\/\/gerberei-oettrich.de\/gerberei\/index.php\/wp-json\/wp\/v2\/pages\/322\/revisions\/323"}],"wp:attachment":[{"href":"https:\/\/gerberei-oettrich.de\/gerberei\/index.php\/wp-json\/wp\/v2\/media?parent=322"}],"curies":[{"name":"wp","href":"https:\/\/api.w.org\/{rel}","templated":true}]}}