{"id":325,"date":"2022-09-22T14:01:17","date_gmt":"2022-09-22T12:01:17","guid":{"rendered":"https:\/\/gerberei-oettrich.de\/gerberei\/?page_id=325"},"modified":"2022-09-22T14:01:17","modified_gmt":"2022-09-22T12:01:17","slug":"06-05-2009-lausitzer-rundschau","status":"publish","type":"page","link":"https:\/\/gerberei-oettrich.de\/gerberei\/index.php\/06-05-2009-lausitzer-rundschau\/","title":{"rendered":"06.05.2009 &#8211; Lausitzer Rundschau"},"content":{"rendered":"\n<h4 class=\"wp-block-heading\">Entlang der Klostermauer<\/h4>\n\n\n\n<p><em>Doberlug-Kirchhain <\/em><strong>Zum Fr\u00fchlingsfest im Stadtteil Doberlug gab es die zweite Auflage des Gerber- und Klosterstadtlaufes. Die attraktiven Laufstrecken \u00fcber 12,5 km, 7 km, 4,5 km und die Walkingstrecke \u00fcber 6 km f\u00fchrten an der Klostermauer vorbei in den Buchenwald, entlang der Bahnstrecke bis nach Sch\u00f6nborn.<\/strong> <\/p>\n\n\n\n<p>F\u00fcr die 4,5 km brauchte Adrian Peschel (geb. 1974) nur 22:09 Minuten. Roland Baatz (geb. 1954) war nach 35:07 Minuten der Erste, der die 7,5 km absolviert hatte. Die 12,5 km schaffte Oliver Tzschoppe (geb. 1989) in 45:38 Minuten. <\/p>\n\n\n\n<p>Die Veranstalter Sebastian Rudolph und Mario Zenker belohnten die \u00e4ltesten sowie die j\u00fcngste L\u00e4uferin mit Preisen. G\u00fcnther Schmidt, Jahrgang 1933, freute sich \u00fcber ein Radio mit CD- und MP3-Player. Rosel Lehmann, Jahrgang 1943, bekam eine digitale K\u00fcchenwaage, und f\u00fcr Josefine, geb. 1998, gab es einen Kindercomputer mit Lernaufgaben und Fremdsprachenmodus. <\/p>\n\n\n\n<p>Die Teilnehmer verewigten sich wieder auf einem Fell aus der Gerberei Oettrich. Die Felle sollen einen attraktiven Platz in der Stadt bekommen. Die Veranstalter danken allen Helfern und Sponsoren. Schlie\u00dflich noch der gute Zweck: Von den Einnahmen wird ein gro\u00dfes Behindertensportfest auf dem Sportplatz der ehemaligen Lausitz-Kaserne organisiert. <\/p>\n\n\n\n<p><em>leh<\/em><\/p>\n\n\n\n<div class=\"wp-block-buttons is-layout-flex wp-block-buttons-is-layout-flex\">\n<div class=\"wp-block-button is-style-fill\"><a class=\"wp-block-button__link has-background\" href=\"https:\/\/gerberei-oettrich.de\/gerberei\/index.php\/artikel-aus-der-presse\/\" style=\"background-color:#a35235\">zur\u00fcck<\/a><\/div>\n<\/div>\n","protected":false},"excerpt":{"rendered":"<p>Entlang der Klostermauer Doberlug-Kirchhain Zum Fr\u00fchlingsfest im Stadtteil Doberlug gab es die zweite Auflage des Gerber- und Klosterstadtlaufes. Die attraktiven Laufstrecken \u00fcber 12,5 km, 7 km, 4,5 km und die Walkingstrecke \u00fcber 6 km f\u00fchrten an der Klostermauer vorbei in den Buchenwald, entlang der Bahnstrecke bis nach Sch\u00f6nborn. F\u00fcr die 4,5 km brauchte Adrian Peschel [&hellip;]<\/p>\n","protected":false},"author":1,"featured_media":0,"parent":0,"menu_order":0,"comment_status":"closed","ping_status":"closed","template":"","meta":{"footnotes":""},"class_list":["post-325","page","type-page","status-publish","hentry"],"jetpack_sharing_enabled":true,"_links":{"self":[{"href":"https:\/\/gerberei-oettrich.de\/gerberei\/index.php\/wp-json\/wp\/v2\/pages\/325","targetHints":{"allow":["GET"]}}],"collection":[{"href":"https:\/\/gerberei-oettrich.de\/gerberei\/index.php\/wp-json\/wp\/v2\/pages"}],"about":[{"href":"https:\/\/gerberei-oettrich.de\/gerberei\/index.php\/wp-json\/wp\/v2\/types\/page"}],"author":[{"embeddable":true,"href":"https:\/\/gerberei-oettrich.de\/gerberei\/index.php\/wp-json\/wp\/v2\/users\/1"}],"replies":[{"embeddable":true,"href":"https:\/\/gerberei-oettrich.de\/gerberei\/index.php\/wp-json\/wp\/v2\/comments?post=325"}],"version-history":[{"count":1,"href":"https:\/\/gerberei-oettrich.de\/gerberei\/index.php\/wp-json\/wp\/v2\/pages\/325\/revisions"}],"predecessor-version":[{"id":326,"href":"https:\/\/gerberei-oettrich.de\/gerberei\/index.php\/wp-json\/wp\/v2\/pages\/325\/revisions\/326"}],"wp:attachment":[{"href":"https:\/\/gerberei-oettrich.de\/gerberei\/index.php\/wp-json\/wp\/v2\/media?parent=325"}],"curies":[{"name":"wp","href":"https:\/\/api.w.org\/{rel}","templated":true}]}}