{"id":330,"date":"2022-09-22T14:10:29","date_gmt":"2022-09-22T12:10:29","guid":{"rendered":"https:\/\/gerberei-oettrich.de\/gerberei\/?page_id=330"},"modified":"2022-09-22T14:10:29","modified_gmt":"2022-09-22T12:10:29","slug":"16-09-2008-lausitzer-rundschau","status":"publish","type":"page","link":"https:\/\/gerberei-oettrich.de\/gerberei\/index.php\/16-09-2008-lausitzer-rundschau\/","title":{"rendered":"16.09.2008\u00a0&#8211; Lausitzer Rundschau"},"content":{"rendered":"\n<h4 class=\"wp-block-heading\">Los Alamos geben letztes Konzert in Deutschland bei Christian I.<\/h4>\n\n\n\n<p><strong>Argentinische Nacht auf Schloss Doberlug<\/strong><\/p>\n\n\n\n<p>Los Alamos lockten mit ihrem Abschlusskonzert in Deutschland weit \u00fcber 200 G\u00e4ste ins Schloss Doberlug. Damit konnten dort zur Zweitauflage der Elbe-Elster-Schl\u00f6ssernacht wesentlich mehr Besucher als bei der Premiere begr\u00fc\u00dft werden. Auch Landrat Klaus Richter und seine Frau Annelies wollten sich die, vom S\u00e4ngerfest bereits bestens bekannte, argentinische Band nicht entgehen lassen.<\/p>\n\n\n\n<figure class=\"wp-block-image aligncenter size-full\"><img loading=\"lazy\" decoding=\"async\" width=\"420\" height=\"273\" src=\"https:\/\/gerberei-oettrich.de\/gerberei\/wp-content\/uploads\/2022\/09\/presse_16092008.jpg\" alt=\"\" class=\"wp-image-263\" srcset=\"https:\/\/gerberei-oettrich.de\/gerberei\/wp-content\/uploads\/2022\/09\/presse_16092008.jpg 420w, https:\/\/gerberei-oettrich.de\/gerberei\/wp-content\/uploads\/2022\/09\/presse_16092008-300x195.jpg 300w\" sizes=\"auto, (max-width: 420px) 100vw, 420px\" \/><figcaption>Foto: Dietmar Seidel<\/figcaption><\/figure>\n\n\n\n<p>Der Doberluger Schlosshof war am Samstag gut besucht.August der Starke und Christian I. alias Bodo Broszinski und Lutz Kilian begr\u00fc\u00dfen die argentinischen Musiker auf Schloss Doberlug und w\u00fcnschen dem Volk gute Unterhaltung bei der 2. Elbe-Elster-Schl\u00f6ssernacht.<\/p>\n\n\n\n<p>\u201eIch h\u00f6rte von dieser Gruppe nur Gutes, so dass wir heute hier in diesem wundersch\u00f6nen Schloss die uns besonders ans Herz gelegte Musik genie\u00dfen\u201c, so Klaus Richter. Als Christian I. alias Stadtverordnetenvorsteher Lutz Kilian ihn mit den Worten begr\u00fc\u00dfte, \u201eder Landvogt sei oft zu Gast im Schloss\u201c und auf die gut besuchten F\u00fchrungen am Nachmittag im Beisein von August dem Starken alias B\u00fcrgermeister Bodo Broszinski verwies, reagierte er: \u201eWer von den Besuchern gewagt h\u00e4tte, mich um eine Schlossf\u00fchrung zu bitten, dem h\u00e4tte ich sie bieten k\u00f6nnen, so oft war ich bereits hier.\u201c<\/p>\n\n\n\n<p>Gerbermeister Manfred Oettrich hatte am Samstag f\u00fcr besonderen B\u00fchnenschmuck gesorgt. \u201eIch stellte f\u00fcr diesen Anlass gegerbte F\u00e4lle von K\u00fchen, Ochsen und Bullen, die im letzten Jahr im Elbe-Elster-Kreis geschlachtet wurden, zur Verf\u00fcgung, zumal Argentinien das Land vieler Rinder ist und ich Fan dieser Musik bin\u201c, erkl\u00e4rte er.<\/p>\n\n\n\n<p>Bodo Broszinski und Lutz Kilian hatten die weit gereisten G\u00e4ste bereits im Rathaus begr\u00fc\u00dft und konnten sich mit den Rathausmitarbeitern \u00fcber ein spontanes St\u00e4ndchen freuen, was die Vorfreude auf das Konzert weiter steigerte. Die Bandmitglieder wiederum waren fasziniert davon, in einem derartigen historischen Schlossambiente zu musizieren.<\/p>\n\n\n\n<p>F\u00fcr Frank Sch\u00e4dlich aus Finsterwalde war es eine gelungene Idee, mit dieser argentinischen Band f\u00fcr lebendiges Schlossleben zu sorgen. \u201eHier werden H\u00f6hepunkte geboten, die heute vielleicht noch gar nicht richtig eingesch\u00e4tzt werden. Doch auch f\u00fcr die Musiker ist es sehr interessant, unsere dicht besiedelte Gegend, unsere Menschen kennenzulernen\u201c, glaubte er. Seine Frau Conny erg\u00e4nzte: \u201eWir sind Fans, die den Los Alamos hinterherreisen. Das ist heute schon unser f\u00fcnftes Konzert, und k\u00f6nnen nicht genug bekommen. Die sind einfach super!\u201c, war ihr Kommentar.<\/p>\n\n\n\n<p>Ganz besonders freuten sich aber Olga und Pavel Briza aus Prag. Die beiden waren extra wegen Los Alamos aus Tschechien nach Doberlug gereist. \u201eWir sind mit Kerstin und Frank Wilkni\u00df befreundet, die Los Alamos ja die Europatournee mit erm\u00f6glicht haben. Wir waren schon zum S\u00e4ngerfest eingeladen, aber wegen Krankheit verhindert. Um so mehr freuen wir uns, heute hier zu sein und Los Alamos live zu erleben, deren CD wir schon seit einem Jahr st\u00e4ndig h\u00f6ren. Das ist eine absolut Super-Truppe\u201c, schw\u00e4rmte Pavel in bestem Deutsch.<\/p>\n\n\n\n<p><em>Mario Sanders<\/em><\/p>\n\n\n\n<div class=\"wp-block-buttons is-layout-flex wp-block-buttons-is-layout-flex\">\n<div class=\"wp-block-button is-style-fill\"><a class=\"wp-block-button__link has-background\" href=\"https:\/\/gerberei-oettrich.de\/gerberei\/index.php\/artikel-aus-der-presse\/\" style=\"background-color:#a35235\">zur\u00fcck<\/a><\/div>\n<\/div>\n","protected":false},"excerpt":{"rendered":"<p>Los Alamos geben letztes Konzert in Deutschland bei Christian I. Argentinische Nacht auf Schloss Doberlug Los Alamos lockten mit ihrem Abschlusskonzert in Deutschland weit \u00fcber 200 G\u00e4ste ins Schloss Doberlug. Damit konnten dort zur Zweitauflage der Elbe-Elster-Schl\u00f6ssernacht wesentlich mehr Besucher als bei der Premiere begr\u00fc\u00dft werden. Auch Landrat Klaus Richter und seine Frau Annelies wollten [&hellip;]<\/p>\n","protected":false},"author":1,"featured_media":0,"parent":0,"menu_order":0,"comment_status":"closed","ping_status":"closed","template":"","meta":{"footnotes":""},"class_list":["post-330","page","type-page","status-publish","hentry"],"jetpack_sharing_enabled":true,"_links":{"self":[{"href":"https:\/\/gerberei-oettrich.de\/gerberei\/index.php\/wp-json\/wp\/v2\/pages\/330","targetHints":{"allow":["GET"]}}],"collection":[{"href":"https:\/\/gerberei-oettrich.de\/gerberei\/index.php\/wp-json\/wp\/v2\/pages"}],"about":[{"href":"https:\/\/gerberei-oettrich.de\/gerberei\/index.php\/wp-json\/wp\/v2\/types\/page"}],"author":[{"embeddable":true,"href":"https:\/\/gerberei-oettrich.de\/gerberei\/index.php\/wp-json\/wp\/v2\/users\/1"}],"replies":[{"embeddable":true,"href":"https:\/\/gerberei-oettrich.de\/gerberei\/index.php\/wp-json\/wp\/v2\/comments?post=330"}],"version-history":[{"count":1,"href":"https:\/\/gerberei-oettrich.de\/gerberei\/index.php\/wp-json\/wp\/v2\/pages\/330\/revisions"}],"predecessor-version":[{"id":331,"href":"https:\/\/gerberei-oettrich.de\/gerberei\/index.php\/wp-json\/wp\/v2\/pages\/330\/revisions\/331"}],"wp:attachment":[{"href":"https:\/\/gerberei-oettrich.de\/gerberei\/index.php\/wp-json\/wp\/v2\/media?parent=330"}],"curies":[{"name":"wp","href":"https:\/\/api.w.org\/{rel}","templated":true}]}}