{"id":332,"date":"2022-09-22T14:13:19","date_gmt":"2022-09-22T12:13:19","guid":{"rendered":"https:\/\/gerberei-oettrich.de\/gerberei\/?page_id=332"},"modified":"2022-09-22T14:13:19","modified_gmt":"2022-09-22T12:13:19","slug":"05-09-2008-lausitzer-rundschau","status":"publish","type":"page","link":"https:\/\/gerberei-oettrich.de\/gerberei\/index.php\/05-09-2008-lausitzer-rundschau\/","title":{"rendered":"05.09.2008\u00a0&#8211; Lausitzer Rundschau"},"content":{"rendered":"\n<h4 class=\"wp-block-heading\">Doberlug-Kirchhain wirbt in K\u00f6nigs Wusterhausen<\/h4>\n\n\n\n<p><strong>Im historischen Gewand beim Brandenburg-Tag<\/strong><\/p>\n\n\n\n<p><em>Doberlug-Kirchhain. <\/em>Wenn sich an diesem Wochenende das ganze Land Brandenburg beim 11.\u00a0Brandenburg-Tag in K\u00f6nigs Wusterhausen pr\u00e4sentiert, ist auch die Finsterwalder Region vertreten.<\/p>\n\n\n\n<p>Der Stand der Arbeitsgemeinschaft der \u00abSt\u00e4dte mit historischen Stadtkernen\u00bb wird von den beiden j\u00fcngsten Mitgliedsst\u00e4dten betreut. Morgen von 10 bis 18 Uhr werden Doberlug-Kirchhains B\u00fcrgermeister Bodo Broszinski und Stadtverordnetenvorsteher Lutz Kilian sowie Gerbermeister Manfred Oettrich sowohl die AG als auch die Stadt selbst vertreten. Mit dem Stadtteil Doberlug ist die Kloster- und Gerberstadt seit 2007 Mitglied in der AG. Die drei st\u00e4dtischen Vertreter streifen sich f\u00fcr ihren Pr\u00e4sentationsauftritt historische Gew\u00e4nder \u00fcber. Am zweiten Tag wird der Stand von L\u00fcbbenau besetzt.<\/p>\n\n\n\n<p>Der Stand der AG \u00abSt\u00e4dte mit historischen Stadtkernen\u00bb ist in der Schlossstra\u00dfe zu finden. Dort stellt sich auch der Tourismusverband Elbe-Elster-Land e. V. vor.<br>Aus der S\u00e4ngerstadt Finsterwalde sind die j\u00fcngsten Repr\u00e4sentanten beim Brandenburgtag in K\u00f6nigs Wusterhausen dabei. Auf der B\u00fchne von Antenne Brandenburg am Kirchplatz, wo Ministerpr\u00e4sident Matthias Platzeck und K\u00f6nigs Wusterhausens B\u00fcrgermeister Stefan Ludwig morgen um 11 Uhr das zweit\u00e4gige Landesfest er\u00f6ffnen, treten bei der \u00abGala der Regionen\u00bb auch die Kleinen Finsterwalder S\u00e4nger auf. F\u00fcr 12.35 Uhr steht ihr Auftritt am Kirchplatz im Programm.<\/p>\n\n\n\n<p>Besuchern wird die Anreise per Bahn empfohlen. Denn, wer aus dem Zug aussteigt, ist gleich mitten im Festgel\u00e4nde. <\/p>\n\n\n\n<p><em>(leh)<\/em><\/p>\n\n\n\n<div class=\"wp-block-buttons is-layout-flex wp-block-buttons-is-layout-flex\">\n<div class=\"wp-block-button\"><a class=\"wp-block-button__link has-background\" href=\"https:\/\/gerberei-oettrich.de\/gerberei\/index.php\/artikel-aus-der-presse\/\" style=\"background-color:#a35235\">zur\u00fcck<\/a><\/div>\n<\/div>\n","protected":false},"excerpt":{"rendered":"<p>Doberlug-Kirchhain wirbt in K\u00f6nigs Wusterhausen Im historischen Gewand beim Brandenburg-Tag Doberlug-Kirchhain. Wenn sich an diesem Wochenende das ganze Land Brandenburg beim 11.\u00a0Brandenburg-Tag in K\u00f6nigs Wusterhausen pr\u00e4sentiert, ist auch die Finsterwalder Region vertreten. Der Stand der Arbeitsgemeinschaft der \u00abSt\u00e4dte mit historischen Stadtkernen\u00bb wird von den beiden j\u00fcngsten Mitgliedsst\u00e4dten betreut. Morgen von 10 bis 18 Uhr werden [&hellip;]<\/p>\n","protected":false},"author":1,"featured_media":0,"parent":0,"menu_order":0,"comment_status":"closed","ping_status":"closed","template":"","meta":{"footnotes":""},"class_list":["post-332","page","type-page","status-publish","hentry"],"jetpack_sharing_enabled":true,"_links":{"self":[{"href":"https:\/\/gerberei-oettrich.de\/gerberei\/index.php\/wp-json\/wp\/v2\/pages\/332","targetHints":{"allow":["GET"]}}],"collection":[{"href":"https:\/\/gerberei-oettrich.de\/gerberei\/index.php\/wp-json\/wp\/v2\/pages"}],"about":[{"href":"https:\/\/gerberei-oettrich.de\/gerberei\/index.php\/wp-json\/wp\/v2\/types\/page"}],"author":[{"embeddable":true,"href":"https:\/\/gerberei-oettrich.de\/gerberei\/index.php\/wp-json\/wp\/v2\/users\/1"}],"replies":[{"embeddable":true,"href":"https:\/\/gerberei-oettrich.de\/gerberei\/index.php\/wp-json\/wp\/v2\/comments?post=332"}],"version-history":[{"count":2,"href":"https:\/\/gerberei-oettrich.de\/gerberei\/index.php\/wp-json\/wp\/v2\/pages\/332\/revisions"}],"predecessor-version":[{"id":350,"href":"https:\/\/gerberei-oettrich.de\/gerberei\/index.php\/wp-json\/wp\/v2\/pages\/332\/revisions\/350"}],"wp:attachment":[{"href":"https:\/\/gerberei-oettrich.de\/gerberei\/index.php\/wp-json\/wp\/v2\/media?parent=332"}],"curies":[{"name":"wp","href":"https:\/\/api.w.org\/{rel}","templated":true}]}}