{"id":344,"date":"2022-09-22T14:35:38","date_gmt":"2022-09-22T12:35:38","guid":{"rendered":"https:\/\/gerberei-oettrich.de\/gerberei\/?page_id=344"},"modified":"2022-09-22T14:35:38","modified_gmt":"2022-09-22T12:35:38","slug":"19-04-2008-blickpunkt","status":"publish","type":"page","link":"https:\/\/gerberei-oettrich.de\/gerberei\/index.php\/19-04-2008-blickpunkt\/","title":{"rendered":"19.04.2008 &#8211; BlickPunkt"},"content":{"rendered":"\n<h4 class=\"wp-block-heading\">Laufen f\u00fcr guten Zweck<\/h4>\n\n\n\n<p><strong>Erster Kloster- und Gerberstadtlauf startet zum Fr\u00fchlingsfest<\/strong><\/p>\n\n\n\n<p>Ein H\u00f6hepunkt des diesj\u00e4hrigen Fr\u00fchlingsfestes der Stadt Doberlug-Kirchhain ist der 1. Gerber- und Klosterstadtlauf am Sonnabend, 26.April.<br>Der Startschuss erfolgt um 11.30 Uhr direkt vor dem Rathaus. Mit drei verschiedenen Laufstrecken und einer Walking-Strecke laden die Organisatoren ganz herzlich zum sportlichen Highlight ein. Neben einer kurzen Strecke von 1,5 Kilometern wird es eine mittlere Strecke von 5,7 Kilometern sowie einen Streckenverlauf mit zw\u00f6lf Kilometern geben.<br>Weiterhin steht eine Walking-Strecke von 5,7 Kilometern zur Wahl. Um den Streckenverlauf zu markieren, wurden farbige Streckenschilder angefertigt und den vier Strecken zugeteilt.<br>Interessierte und sportbegeisterte L\u00e4ufer k\u00f6nnen sich noch am Sonnabend, 26.April, in die L\u00e4uferlisten eintragen lassen und bekommen die L\u00e4uferkarten vor Ort ausgeh\u00e4ndigt.<br>Im Vorfeld steht das Organisationsb\u00fcro unter Rufnummer 03 53 22 \/ 18 11 80 zur Verf\u00fcgung. Der Treffpunkt f\u00fcr anreisende L\u00e4uferinnen und L\u00e4ufer ist die Stadthalle im Ortsteil Kirchhain.<br>Ab zehn Uhr werden die entsprechenden Umkleider\u00e4ume ge\u00f6ffnet sein. Zum einen besteht die M\u00f6glichkeit, die PKW zu parken und sich umzuziehen sowie auch nach dem Lauf die Duschen zu nutzen (Nutzungsgeb\u00fchr Duschen ein Euro).<br>Neben zahlreichen Unternehmen, die diesen Lauf unterst\u00fctzen, stellt die Gerberei Manfred Oettrich ein Schaffell zur Verf\u00fcgung. Auf diesem Fell sollen sich die Teilnehmer mit ihrer Unterschrift im Anschluss an den Lauf verewigen.<br>Weiterhin werden die \u00e4lteste und der \u00e4lteste L\u00e4ufer sowie die zwei j\u00fcngsten mit einem Sponsorenpreis ausgezeichnet. Das Startgeld betr\u00e4gt f\u00fcr Kinder 0,50 Euro und f\u00fcr Erwachsene ein Euro. Die gesamten Einnahmen sowie die Gelder der Sponsoren werden dem guten Zweck zur Verf\u00fcgung gestellt.<br>\u201eWir werden die finanziellen Mittel den Kinderg\u00e4rten der Stadt und des Umlandes zur Verf\u00fcgung stellen. Gemeinsam mit dem Amt f\u00fcr Forstwirtschaft laden wir die Kinder zu einem Naturwandertag inklusive einem Rahmenprogramm ein\u201c, so die beiden Organisatoren Mario Zenker und Sebastian Rudolph.<br>\u201eSomit ist das ein weiterer Schritt hinsichtlich des pers\u00f6nlichen Engagements f\u00fcr unsere sch\u00f6ne Stadt.\u201c Dies ist f\u00fcr die Stadt Doberlug-Kirchhain nur ein Event von weiteren geplanten Veranstaltungen f\u00fcr das Jahr 2008 und wir w\u00fcrden uns freuen, Sie beim Stadtlauf und dem Fr\u00fchlingsfest begr\u00fc\u00dfen zu d\u00fcrfen.<br>Begeisterte B\u00fcrgerinnen und B\u00fcrger k\u00f6nnen sich f\u00fcr Streckenposten und weitere Helferaktivit\u00e4ten unter der genannten Telefonnummer melden.<br>Na dann: \u201eSport frei\u201c f\u00fcr den Premierenlauf.<br><em>Das Organisationsteam<\/em><\/p>\n\n\n\n<figure class=\"wp-block-image aligncenter size-full\"><img loading=\"lazy\" decoding=\"async\" width=\"203\" height=\"193\" src=\"https:\/\/gerberei-oettrich.de\/gerberei\/wp-content\/uploads\/2022\/09\/presse_19042008.jpg\" alt=\"\" class=\"wp-image-264\"\/><figcaption>Sebastian Rudolpf, Manfred Oettrich und Mario Zenker (v.l.n.r.) bei der \u00dcbergabe.<br>Foto: privat<\/figcaption><\/figure>\n","protected":false},"excerpt":{"rendered":"<p>Laufen f\u00fcr guten Zweck Erster Kloster- und Gerberstadtlauf startet zum Fr\u00fchlingsfest Ein H\u00f6hepunkt des diesj\u00e4hrigen Fr\u00fchlingsfestes der Stadt Doberlug-Kirchhain ist der 1. Gerber- und Klosterstadtlauf am Sonnabend, 26.April.Der Startschuss erfolgt um 11.30 Uhr direkt vor dem Rathaus. Mit drei verschiedenen Laufstrecken und einer Walking-Strecke laden die Organisatoren ganz herzlich zum sportlichen Highlight ein. Neben einer [&hellip;]<\/p>\n","protected":false},"author":1,"featured_media":0,"parent":0,"menu_order":0,"comment_status":"closed","ping_status":"closed","template":"","meta":{"footnotes":""},"class_list":["post-344","page","type-page","status-publish","hentry"],"jetpack_sharing_enabled":true,"_links":{"self":[{"href":"https:\/\/gerberei-oettrich.de\/gerberei\/index.php\/wp-json\/wp\/v2\/pages\/344","targetHints":{"allow":["GET"]}}],"collection":[{"href":"https:\/\/gerberei-oettrich.de\/gerberei\/index.php\/wp-json\/wp\/v2\/pages"}],"about":[{"href":"https:\/\/gerberei-oettrich.de\/gerberei\/index.php\/wp-json\/wp\/v2\/types\/page"}],"author":[{"embeddable":true,"href":"https:\/\/gerberei-oettrich.de\/gerberei\/index.php\/wp-json\/wp\/v2\/users\/1"}],"replies":[{"embeddable":true,"href":"https:\/\/gerberei-oettrich.de\/gerberei\/index.php\/wp-json\/wp\/v2\/comments?post=344"}],"version-history":[{"count":1,"href":"https:\/\/gerberei-oettrich.de\/gerberei\/index.php\/wp-json\/wp\/v2\/pages\/344\/revisions"}],"predecessor-version":[{"id":345,"href":"https:\/\/gerberei-oettrich.de\/gerberei\/index.php\/wp-json\/wp\/v2\/pages\/344\/revisions\/345"}],"wp:attachment":[{"href":"https:\/\/gerberei-oettrich.de\/gerberei\/index.php\/wp-json\/wp\/v2\/media?parent=344"}],"curies":[{"name":"wp","href":"https:\/\/api.w.org\/{rel}","templated":true}]}}