{"id":346,"date":"2022-09-22T14:43:33","date_gmt":"2022-09-22T12:43:33","guid":{"rendered":"https:\/\/gerberei-oettrich.de\/gerberei\/?page_id=346"},"modified":"2022-09-22T14:45:04","modified_gmt":"2022-09-22T12:45:04","slug":"12-04-2008-blickpunkt","status":"publish","type":"page","link":"https:\/\/gerberei-oettrich.de\/gerberei\/index.php\/12-04-2008-blickpunkt\/","title":{"rendered":"12.04.2008 &#8211; BlickPunkt"},"content":{"rendered":"\n<h4 class=\"wp-block-heading\">Gelungene Premiere<\/h4>\n\n\n\n<p><strong>Erste Gewerbeschau \u201eHandwerk und Dienstleistung\u201c in Doberlug-Kirchhain<\/strong><\/p>\n\n\n\n<figure class=\"wp-block-image aligncenter size-full\"><img loading=\"lazy\" decoding=\"async\" width=\"340\" height=\"238\" src=\"https:\/\/gerberei-oettrich.de\/gerberei\/wp-content\/uploads\/2022\/09\/presse_12042008.jpg\" alt=\"\" class=\"wp-image-260\" srcset=\"https:\/\/gerberei-oettrich.de\/gerberei\/wp-content\/uploads\/2022\/09\/presse_12042008.jpg 340w, https:\/\/gerberei-oettrich.de\/gerberei\/wp-content\/uploads\/2022\/09\/presse_12042008-300x210.jpg 300w\" sizes=\"auto, (max-width: 340px) 100vw, 340px\" \/><figcaption>Auch Landrat Klaus Richter (Mitte) besuchte alle Unternehmen. Hier in der Gerberei<br>von Manfred Oettrich.<br>Foto: CW<\/figcaption><\/figure>\n\n\n\n<p>Seit 2004 trifft sich regelm\u00e4\u00dfig der Gewerbestammtisch in Doberlug-Kirchhain nicht nur zu Infoveranstaltungen, sondern auch zur Planung und Durchf\u00fchrung von gezielten Aktivit\u00e4ten. Bisher stand dabei vorwiegend der Einzelhandel im Mittelpunkt. Jetzt bei der Gewerbeschau stellten sich Handwerksunternehmen vor, aber nicht an einem zentralen Standort, sondern am Firmensitz. Das bringt viele Vorteile mit sich,wie zum Beispiel keine Standgeb\u00fchren. Bei diesem Tag der offenen T\u00fcr konnten die Besucher einen Blick in die Werkst\u00e4tten werfen die Maschinen teilweise in Aktion erleben.<br>Nach der offiziellen Begr\u00fc\u00dfung der \u00fcber 40 Teilnehmer im Rathaus konnten mit einem kostenlosen Busshuttle alle 18 Standorte besucht werden. Auch Landrat Klaus Richter und der Gesch\u00e4ftsf\u00fchrer der Regionalen Wirtschaftsf\u00f6rderungsgesellschaft Elbe-Elster mbH, Wilfried H\u00f6hne, besuchten alle Unternehmen und nahmen sich dabei viel Zeit f\u00fcr Gespr\u00e4che. Landrat Klaus Richer sprach bei der Er\u00f6ffnung seine Anerkennung an den Gewerbestammtisch f\u00fcr diese Idee und deren Umsetzung aus. \u201eSo etwas funktioniert nur, wenn die Unternehmen es selbst in die Hand nehmen\u201c,so Klaus Richter.Die Palette der Gewerke war breit gef\u00e4chert und reichte vom traditionellen Handwerk,wie die Gerberei von Manfred Oettrich,<br>bis zu Unternehmen mit hohem technischen Knowhow. Besonders wichtig ist diese Pr\u00e4sentation, so der Landrat weiter, auch in Hinsicht auf den Berufsnachwuchs. Den jungen Leuten wurde gezeigt, welche innovativen Unternehmen es hier gibt, die nicht nur eine Ausbildung anbieten, sondern auch Chancen bieten, den Lebensunterhalt in der Region zu verdienen.<br>Die Premiere, so war im Statemant einiger Unternehmer zu h\u00f6ren,wie zum Beispiel von Lutz Killian als Stadtverordnetenvorsteher und Unternehmer, ist gelungen und es sollte auf jeden Fall eine Fortsetzung geben.<br><em>CW<\/em><\/p>\n\n\n\n<div class=\"wp-block-buttons is-layout-flex wp-block-buttons-is-layout-flex\">\n<div class=\"wp-block-button\"><a class=\"wp-block-button__link has-background\" href=\"https:\/\/gerberei-oettrich.de\/gerberei\/index.php\/artikel-aus-der-presse\/\" style=\"background-color:#a35235\">zur\u00fcck<\/a><\/div>\n<\/div>\n","protected":false},"excerpt":{"rendered":"<p>Gelungene Premiere Erste Gewerbeschau \u201eHandwerk und Dienstleistung\u201c in Doberlug-Kirchhain Seit 2004 trifft sich regelm\u00e4\u00dfig der Gewerbestammtisch in Doberlug-Kirchhain nicht nur zu Infoveranstaltungen, sondern auch zur Planung und Durchf\u00fchrung von gezielten Aktivit\u00e4ten. Bisher stand dabei vorwiegend der Einzelhandel im Mittelpunkt. Jetzt bei der Gewerbeschau stellten sich Handwerksunternehmen vor, aber nicht an einem zentralen Standort, sondern am [&hellip;]<\/p>\n","protected":false},"author":1,"featured_media":0,"parent":0,"menu_order":0,"comment_status":"closed","ping_status":"closed","template":"","meta":{"footnotes":""},"class_list":["post-346","page","type-page","status-publish","hentry"],"jetpack_sharing_enabled":true,"_links":{"self":[{"href":"https:\/\/gerberei-oettrich.de\/gerberei\/index.php\/wp-json\/wp\/v2\/pages\/346","targetHints":{"allow":["GET"]}}],"collection":[{"href":"https:\/\/gerberei-oettrich.de\/gerberei\/index.php\/wp-json\/wp\/v2\/pages"}],"about":[{"href":"https:\/\/gerberei-oettrich.de\/gerberei\/index.php\/wp-json\/wp\/v2\/types\/page"}],"author":[{"embeddable":true,"href":"https:\/\/gerberei-oettrich.de\/gerberei\/index.php\/wp-json\/wp\/v2\/users\/1"}],"replies":[{"embeddable":true,"href":"https:\/\/gerberei-oettrich.de\/gerberei\/index.php\/wp-json\/wp\/v2\/comments?post=346"}],"version-history":[{"count":2,"href":"https:\/\/gerberei-oettrich.de\/gerberei\/index.php\/wp-json\/wp\/v2\/pages\/346\/revisions"}],"predecessor-version":[{"id":351,"href":"https:\/\/gerberei-oettrich.de\/gerberei\/index.php\/wp-json\/wp\/v2\/pages\/346\/revisions\/351"}],"wp:attachment":[{"href":"https:\/\/gerberei-oettrich.de\/gerberei\/index.php\/wp-json\/wp\/v2\/media?parent=346"}],"curies":[{"name":"wp","href":"https:\/\/api.w.org\/{rel}","templated":true}]}}