{"id":354,"date":"2022-09-22T14:51:49","date_gmt":"2022-09-22T12:51:49","guid":{"rendered":"https:\/\/gerberei-oettrich.de\/gerberei\/?page_id=354"},"modified":"2022-09-22T14:51:49","modified_gmt":"2022-09-22T12:51:49","slug":"31-01-2008-lausitzer-rundschau","status":"publish","type":"page","link":"https:\/\/gerberei-oettrich.de\/gerberei\/index.php\/31-01-2008-lausitzer-rundschau\/","title":{"rendered":"31.01.2008 &#8211; Lausitzer Rundschau"},"content":{"rendered":"\n<h4 class=\"wp-block-heading\">Gerbermeister Dieter Glauche verstorben<\/h4>\n\n\n\n<p><strong>Doberlug-Kirchhain. Gerbermeister Dieter Glauche \u2013 einer der letzten seiner Zunft in Doberlug-Kirchhain \u2013 ist am Dienstag im Alter von 67 Jahren verstorben.<\/strong><\/p>\n\n\n\n<figure class=\"wp-block-image aligncenter size-full\"><img loading=\"lazy\" decoding=\"async\" width=\"420\" height=\"289\" src=\"https:\/\/gerberei-oettrich.de\/gerberei\/wp-content\/uploads\/2022\/09\/presse_31012008.jpg\" alt=\"\" class=\"wp-image-267\" srcset=\"https:\/\/gerberei-oettrich.de\/gerberei\/wp-content\/uploads\/2022\/09\/presse_31012008.jpg 420w, https:\/\/gerberei-oettrich.de\/gerberei\/wp-content\/uploads\/2022\/09\/presse_31012008-300x206.jpg 300w\" sizes=\"auto, (max-width: 420px) 100vw, 420px\" \/><figcaption>Gerber Dieter Glauche Doberlug-Kirchhain, Archivfoto: Seidel<\/figcaption><\/figure>\n\n\n\n<p>Bis zum Rentenalter war er lange Zeit der letzte produzierende Gerbermeister in der Stadt, die einst durch dieses Handwerk gepr\u00e4gt war, und deshalb gern Gespr\u00e4chspartner f\u00fcr Rundfunk- und Fernsehleute. 2005 feierte er noch 125-j\u00e4hriges Firmenjubil\u00e4um, ein Jahr sp\u00e4ter meldete er sein Gewerbe ab, hat aber Gerbermeister Manfred Oettrich, der sich in die Selbst\u00e4ndigkeit wagte, bei der Einrichtung seiner Werkstatt geholfen.<br>Dieter Glauche war Mitglied des Museumsbeirats des Wei\u00dfgerbermuseums und mit seinen Berufskollegen ma\u00dfgeblich an der Einrichtung der Technischen Ausstellung in der Gerberstra\u00dfe beteiligt. <\/p>\n\n\n\n<p><em>leh<\/em><\/p>\n\n\n\n<div class=\"wp-block-buttons is-layout-flex wp-block-buttons-is-layout-flex\">\n<div class=\"wp-block-button\"><a class=\"wp-block-button__link has-background\" href=\"https:\/\/gerberei-oettrich.de\/gerberei\/index.php\/artikel-aus-der-presse\/\" style=\"background-color:#a35235\">zur\u00fcck<\/a><\/div>\n<\/div>\n","protected":false},"excerpt":{"rendered":"<p>Gerbermeister Dieter Glauche verstorben Doberlug-Kirchhain. Gerbermeister Dieter Glauche \u2013 einer der letzten seiner Zunft in Doberlug-Kirchhain \u2013 ist am Dienstag im Alter von 67 Jahren verstorben. Bis zum Rentenalter war er lange Zeit der letzte produzierende Gerbermeister in der Stadt, die einst durch dieses Handwerk gepr\u00e4gt war, und deshalb gern Gespr\u00e4chspartner f\u00fcr Rundfunk- und Fernsehleute. [&hellip;]<\/p>\n","protected":false},"author":1,"featured_media":0,"parent":0,"menu_order":0,"comment_status":"closed","ping_status":"closed","template":"","meta":{"footnotes":""},"class_list":["post-354","page","type-page","status-publish","hentry"],"jetpack_sharing_enabled":true,"_links":{"self":[{"href":"https:\/\/gerberei-oettrich.de\/gerberei\/index.php\/wp-json\/wp\/v2\/pages\/354","targetHints":{"allow":["GET"]}}],"collection":[{"href":"https:\/\/gerberei-oettrich.de\/gerberei\/index.php\/wp-json\/wp\/v2\/pages"}],"about":[{"href":"https:\/\/gerberei-oettrich.de\/gerberei\/index.php\/wp-json\/wp\/v2\/types\/page"}],"author":[{"embeddable":true,"href":"https:\/\/gerberei-oettrich.de\/gerberei\/index.php\/wp-json\/wp\/v2\/users\/1"}],"replies":[{"embeddable":true,"href":"https:\/\/gerberei-oettrich.de\/gerberei\/index.php\/wp-json\/wp\/v2\/comments?post=354"}],"version-history":[{"count":1,"href":"https:\/\/gerberei-oettrich.de\/gerberei\/index.php\/wp-json\/wp\/v2\/pages\/354\/revisions"}],"predecessor-version":[{"id":355,"href":"https:\/\/gerberei-oettrich.de\/gerberei\/index.php\/wp-json\/wp\/v2\/pages\/354\/revisions\/355"}],"wp:attachment":[{"href":"https:\/\/gerberei-oettrich.de\/gerberei\/index.php\/wp-json\/wp\/v2\/media?parent=354"}],"curies":[{"name":"wp","href":"https:\/\/api.w.org\/{rel}","templated":true}]}}