{"id":44,"date":"2022-05-31T17:38:32","date_gmt":"2022-05-31T15:38:32","guid":{"rendered":"https:\/\/gerberei-oettrich.de\/gerberei\/?page_id=44"},"modified":"2022-05-31T21:43:58","modified_gmt":"2022-05-31T19:43:58","slug":"unsere-angebote","status":"publish","type":"page","link":"https:\/\/gerberei-oettrich.de\/gerberei\/index.php\/unsere-angebote\/","title":{"rendered":"Unsere Angebote"},"content":{"rendered":"\n<ul class=\"wp-block-list\"><li>Lohngerbung und Verkauf von <a href=\"https:\/\/gerberei-oettrich.de\/index.php?id=2&amp;key=21&amp;href=felle\">Fellen<\/a><\/li><li>Herstellung von <a href=\"https:\/\/gerberei-oettrich.de\/index.php?id=2&amp;key=21&amp;href=felle\">Trommelfellen<\/a> aus Tierh\u00e4uten aus der Region, z.Bsp. Pferd mit Haar<\/li><li>Ankauf von Fellen und H\u00e4uten nach Bedarf<\/li><li>Vermittlung von Tierpr\u00e4parationen<\/li><li>Beratung zum Thema Leder und Felle und Durchf\u00fchrung von Schulungen \u00fcber Leder, z.B. f\u00fcr Mitarbeiter im Lederbereich (Schuhe, Bekleidung, Taschen, usw.) nach Terminabsprache<\/li><li>Besichtigung meiner Gerberei, F\u00fchrungen im Wei\u00dfgerbermuseum sowie im Ortsteil Kirchhain<\/li><\/ul>\n","protected":false},"excerpt":{"rendered":"<p>Lohngerbung und Verkauf von Fellen Herstellung von Trommelfellen aus Tierh\u00e4uten aus der Region, z.Bsp. Pferd mit Haar Ankauf von Fellen und H\u00e4uten nach Bedarf Vermittlung von Tierpr\u00e4parationen Beratung zum Thema Leder und Felle und Durchf\u00fchrung von Schulungen \u00fcber Leder, z.B. f\u00fcr Mitarbeiter im Lederbereich (Schuhe, Bekleidung, Taschen, usw.) nach Terminabsprache Besichtigung meiner Gerberei, F\u00fchrungen im [&hellip;]<\/p>\n","protected":false},"author":1,"featured_media":0,"parent":0,"menu_order":0,"comment_status":"closed","ping_status":"closed","template":"","meta":{"footnotes":""},"class_list":["post-44","page","type-page","status-publish","hentry"],"jetpack_sharing_enabled":true,"_links":{"self":[{"href":"https:\/\/gerberei-oettrich.de\/gerberei\/index.php\/wp-json\/wp\/v2\/pages\/44","targetHints":{"allow":["GET"]}}],"collection":[{"href":"https:\/\/gerberei-oettrich.de\/gerberei\/index.php\/wp-json\/wp\/v2\/pages"}],"about":[{"href":"https:\/\/gerberei-oettrich.de\/gerberei\/index.php\/wp-json\/wp\/v2\/types\/page"}],"author":[{"embeddable":true,"href":"https:\/\/gerberei-oettrich.de\/gerberei\/index.php\/wp-json\/wp\/v2\/users\/1"}],"replies":[{"embeddable":true,"href":"https:\/\/gerberei-oettrich.de\/gerberei\/index.php\/wp-json\/wp\/v2\/comments?post=44"}],"version-history":[{"count":2,"href":"https:\/\/gerberei-oettrich.de\/gerberei\/index.php\/wp-json\/wp\/v2\/pages\/44\/revisions"}],"predecessor-version":[{"id":59,"href":"https:\/\/gerberei-oettrich.de\/gerberei\/index.php\/wp-json\/wp\/v2\/pages\/44\/revisions\/59"}],"wp:attachment":[{"href":"https:\/\/gerberei-oettrich.de\/gerberei\/index.php\/wp-json\/wp\/v2\/media?parent=44"}],"curies":[{"name":"wp","href":"https:\/\/api.w.org\/{rel}","templated":true}]}}