{"id":53,"date":"2022-05-31T21:40:15","date_gmt":"2022-05-31T19:40:15","guid":{"rendered":"https:\/\/gerberei-oettrich.de\/gerberei\/?page_id=53"},"modified":"2022-09-21T21:07:17","modified_gmt":"2022-09-21T19:07:17","slug":"geschichte","status":"publish","type":"page","link":"https:\/\/gerberei-oettrich.de\/gerberei\/index.php\/geschichte\/","title":{"rendered":"Geschichte"},"content":{"rendered":"\n<p>Unsere Gerberei befindet sich in Kirchhain, einem der beiden Stadtteile der Stadt <a rel=\"noreferrer noopener\" href=\"http:\/\/www.doberlug-kirchhain.de\" target=\"_blank\">Doberlug-Kirchhain<\/a>, einer Kleinstadt im Elbe-Elster-Kreis im S\u00fcden des Landes Brandenburg. Diese Kleinstadt ist der Mittelpunkt der Region zwischen der Elbe bei M\u00fchlberg, s\u00fcdlich des Niederen Fl\u00e4ming und westlich des Spreewaldes und liegt zwischen Berlin im Norden und Dresden im S\u00fcden sowie Cottbus im Osten und Leipzig im Westen, denn sie ist der Knotenpunkt der Eisenbahnlinien zwischen diesen St\u00e4dten. Damit hat Doberlug-Kirchhain 2 Vorteile: die Stadt liegt inmitten einer landschaftlich idyllischen Gegend und ist aber trotzdem aus den vorgenannten Gro\u00dfst\u00e4dten gut erreichbar. Die <a rel=\"noreferrer noopener\" href=\"http:\/\/www.schloss-doberlug.de\/\" target=\"_blank\">Klosterstadt Doberlug<\/a> und die Gerberstadt Kirchhain mit dem in Europa einmaligen <a rel=\"noreferrer noopener\" href=\"http:\/\/www.weissgerbermuseum.de\/\" target=\"_blank\">Wei\u00dfgerbermuseum<\/a> haben eine Historie, die seit 1950 als eine Stadt gemeinsam geschrieben wird und weit \u00fcber 1000 Jahre in die Vergangenheit zur\u00fcck reicht. So konnte im Jahr 2005 der Stadtteil Doberlug die Ersterw\u00e4hnung vor 1000 Jahren in einer sehr sch\u00f6nen Festwoche im August feiern. Im Jahr 2009 hat der Stadtteil Kirchhain sein gro\u00dfes Fest, die erste Erw\u00e4hnung als \u201eVilla\u201c Kyrkhagen vor 775 Jahren. Aber auch die andere Ortsteile haben zur Zeit viele Feste. Denn das Kloster Doberlug hat als Verwaltungszentrum die Region gepr\u00e4gt und viel f\u00fcr die Besiedlung und wirtschaftliche Entwicklung getan. Gro\u00dfe Pers\u00f6nlichkeiten besch\u00e4ftigten sich mit Doberlug, Kirchhain und der Umgebung. Wie Walther von der Vogelweide, er erw\u00e4hnte Doberlug in einem Gedicht, oder Friederich der Gro\u00dfe weilte im Schlo\u00df Doberlug und Napoleon hatte Pl\u00e4ne f\u00fcr Kirchhain. Weitere interessante Geschichten und Pl\u00e4tze erwarten Sie hier. Ich kann Ihnen nur empfehlen, das Sie sich aufmachen und Doberlug-Kirchhain und deren Umgebung erkunden. Es lohnt sich!<\/p>\n","protected":false},"excerpt":{"rendered":"<p>Unsere Gerberei befindet sich in Kirchhain, einem der beiden Stadtteile der Stadt Doberlug-Kirchhain, einer Kleinstadt im Elbe-Elster-Kreis im S\u00fcden des Landes Brandenburg. Diese Kleinstadt ist der Mittelpunkt der Region zwischen der Elbe bei M\u00fchlberg, s\u00fcdlich des Niederen Fl\u00e4ming und westlich des Spreewaldes und liegt zwischen Berlin im Norden und Dresden im S\u00fcden sowie Cottbus im [&hellip;]<\/p>\n","protected":false},"author":1,"featured_media":0,"parent":0,"menu_order":0,"comment_status":"closed","ping_status":"closed","template":"","meta":{"footnotes":""},"class_list":["post-53","page","type-page","status-publish","hentry"],"jetpack_sharing_enabled":true,"_links":{"self":[{"href":"https:\/\/gerberei-oettrich.de\/gerberei\/index.php\/wp-json\/wp\/v2\/pages\/53","targetHints":{"allow":["GET"]}}],"collection":[{"href":"https:\/\/gerberei-oettrich.de\/gerberei\/index.php\/wp-json\/wp\/v2\/pages"}],"about":[{"href":"https:\/\/gerberei-oettrich.de\/gerberei\/index.php\/wp-json\/wp\/v2\/types\/page"}],"author":[{"embeddable":true,"href":"https:\/\/gerberei-oettrich.de\/gerberei\/index.php\/wp-json\/wp\/v2\/users\/1"}],"replies":[{"embeddable":true,"href":"https:\/\/gerberei-oettrich.de\/gerberei\/index.php\/wp-json\/wp\/v2\/comments?post=53"}],"version-history":[{"count":2,"href":"https:\/\/gerberei-oettrich.de\/gerberei\/index.php\/wp-json\/wp\/v2\/pages\/53\/revisions"}],"predecessor-version":[{"id":146,"href":"https:\/\/gerberei-oettrich.de\/gerberei\/index.php\/wp-json\/wp\/v2\/pages\/53\/revisions\/146"}],"wp:attachment":[{"href":"https:\/\/gerberei-oettrich.de\/gerberei\/index.php\/wp-json\/wp\/v2\/media?parent=53"}],"curies":[{"name":"wp","href":"https:\/\/api.w.org\/{rel}","templated":true}]}}