{"id":68,"date":"2022-05-31T21:57:07","date_gmt":"2022-05-31T19:57:07","guid":{"rendered":"https:\/\/gerberei-oettrich.de\/gerberei\/?page_id=68"},"modified":"2022-05-31T21:57:07","modified_gmt":"2022-05-31T19:57:07","slug":"die-oettrichs","status":"publish","type":"page","link":"https:\/\/gerberei-oettrich.de\/gerberei\/index.php\/die-oettrichs\/","title":{"rendered":"Die Oettrichs"},"content":{"rendered":"\n<p>Meine Familie ist seit ca. 200 Jahren in Kirchhain (seit 1950 Doberlug-Kirchhain) ans\u00e4ssig und war immer im Gerberhandwerk t\u00e4tig. Von der ca. 400-j\u00e4hrigen Geschichte des Gerberhandwerkes in Kirchhain haben die Oettrich\u2019s somit an der H\u00e4lfte mitgeschrieben, u.a. mein Gro\u00dfvater als Obermeister der Gerber in Brandenburg von 1951 bis 1961. Diese Tradition in unserer Familie f\u00fchre ich als Gerbermeister in 5.\u00a0Generation fort und durch die Deutsche Einheit im Jahr 1990 bin ich zu einer historischen Pers\u00f6nlichkeit geworden &#8211; am 03.10.1990 war ich der j\u00fcngste Gerbermeister der DDR. Da es nur ca. 35 Telefonbucheintr\u00e4ge zum Namen Oettrich in Deutschland gibt, haben ich ein wenig zur Namensherkunft recherchiert:<br>Alternative Schreibweisen des Namens sind Ettrich, Etrich, Oetterich, \u00e4lter ist auch Oderich<br>Die Herkunft des Namens ist wahrscheinlich von Odoaker (sp\u00e4tere Schreibweise: Odorich), dem ersten germanischen K\u00f6nig von Italien. Geboren wurde Odoaker im Jahr 433. Der Vater war Edekon, der K\u00f6nig der Skiren und als germanischen Heerf\u00fchrer am Hofe Attilas, dem Hunnenk\u00f6nig. Odoaker wuchs am Hofe Attilas auf und wurde sp\u00e4ter selbst Heerf\u00fchrer. Ab 469 trat er als Heerf\u00fchrer der barbarischen Hilfstruppen in r\u00f6mische Dienste ein. Auch hatte er Kontakt zum Heiligen Severin. Im Jahr 475 erhoben sich die barbarischen Hilfstruppen unter F\u00fchrung Odoakers in Italien. Da es keine regul\u00e4ren r\u00f6mischen Truppen mehr gab, konnte Odoaker seine Forderung nach Land in Italien durchsetzen. Ein Jahr sp\u00e4ter setzt er den letzten r\u00f6mischen Kaiser Romulus Augustulus am 04.09.476 ab und beendet damit die 503-j\u00e4hrige Geschichte r\u00f6merischer Kaiser in Rom. Odoaker wird erster germanischer K\u00f6nig von Italien und regiert von Ravenna aus das damalige Italien. Im Jahr 477 erk\u00e4mpft er Sizilien von den Vandalen, 481 erobert er Dalmatien. Ab 488 mu\u00dfte er sich gegen die vorr\u00fcckenden Ostgoten erwehren. Nach der Rabenschlacht im Jahr 493 schlie\u00dft Odoaker, nach mehreren verlorenen Schlachten, mit dem Ostgotenk\u00f6nig Theoderich einen Vertrag \u00fcber eine gemeinsame Herrschaft in Italien. Odoaker wird aber kurz danach am 15.03.493 in Ravenna von Theoderich selbst ermordet. <br>(Quelle: Wikipedia)<\/p>\n","protected":false},"excerpt":{"rendered":"<p>Meine Familie ist seit ca. 200 Jahren in Kirchhain (seit 1950 Doberlug-Kirchhain) ans\u00e4ssig und war immer im Gerberhandwerk t\u00e4tig. Von der ca. 400-j\u00e4hrigen Geschichte des Gerberhandwerkes in Kirchhain haben die Oettrich\u2019s somit an der H\u00e4lfte mitgeschrieben, u.a. mein Gro\u00dfvater als Obermeister der Gerber in Brandenburg von 1951 bis 1961. Diese Tradition in unserer Familie f\u00fchre [&hellip;]<\/p>\n","protected":false},"author":1,"featured_media":0,"parent":0,"menu_order":0,"comment_status":"closed","ping_status":"closed","template":"","meta":{"footnotes":""},"class_list":["post-68","page","type-page","status-publish","hentry"],"jetpack_sharing_enabled":true,"_links":{"self":[{"href":"https:\/\/gerberei-oettrich.de\/gerberei\/index.php\/wp-json\/wp\/v2\/pages\/68","targetHints":{"allow":["GET"]}}],"collection":[{"href":"https:\/\/gerberei-oettrich.de\/gerberei\/index.php\/wp-json\/wp\/v2\/pages"}],"about":[{"href":"https:\/\/gerberei-oettrich.de\/gerberei\/index.php\/wp-json\/wp\/v2\/types\/page"}],"author":[{"embeddable":true,"href":"https:\/\/gerberei-oettrich.de\/gerberei\/index.php\/wp-json\/wp\/v2\/users\/1"}],"replies":[{"embeddable":true,"href":"https:\/\/gerberei-oettrich.de\/gerberei\/index.php\/wp-json\/wp\/v2\/comments?post=68"}],"version-history":[{"count":1,"href":"https:\/\/gerberei-oettrich.de\/gerberei\/index.php\/wp-json\/wp\/v2\/pages\/68\/revisions"}],"predecessor-version":[{"id":69,"href":"https:\/\/gerberei-oettrich.de\/gerberei\/index.php\/wp-json\/wp\/v2\/pages\/68\/revisions\/69"}],"wp:attachment":[{"href":"https:\/\/gerberei-oettrich.de\/gerberei\/index.php\/wp-json\/wp\/v2\/media?parent=68"}],"curies":[{"name":"wp","href":"https:\/\/api.w.org\/{rel}","templated":true}]}}